{"id":2505,"date":"2024-02-26T17:02:01","date_gmt":"2024-02-26T16:02:01","guid":{"rendered":"https:\/\/biace.com.ar\/?post_type=product&#038;p=2505"},"modified":"2026-02-10T18:03:14","modified_gmt":"2026-02-10T17:03:14","slug":"bomba-presurizadora-rowa-tango-sfl-20","status":"publish","type":"product","link":"https:\/\/biace.com.ar\/index.php\/producto\/bomba-presurizadora-rowa-tango-sfl-20\/","title":{"rendered":"Bomba Presurizadora Rowa Tango SFL 20"},"content":{"rendered":"<ul>\n<li>Aumento de presi\u00f3n de agua en residencias en general, nuevas o antiguas con tanque elevado.<\/li>\n<li>Apto para viviendas con tuber\u00edas de 20 a\u00f1os o m\u00e1s, hasta 2 duchas.<\/li>\n<li>No le afectan las p\u00e9rdidas de agua en tuber\u00edas o grifer\u00edas.<\/li>\n<li>No presuriza la instalaci\u00f3n en forma continua solamente cuando se consume m\u00e1s de 1 litro de agua por minuto.<\/li>\n<li>Nunca se encender\u00e1 el equipo de no existir un consumo real de agua.<\/li>\n<li>No produce golpes de ariete.<\/li>\n<li>No requiere mantenimiento. Seguridad, confiabilidad.<\/li>\n<li>Totalmente silencioso, bajo consumo.<\/li>\n<li>Bobinado protegido contra funcionamiento en seco, se apaga autom\u00e1ticamente.<\/li>\n<li>Posee protector t\u00e9rmico incorporado.<\/li>\n<\/ul>\n","protected":false},"excerpt":{"rendered":"<ul>\n<li>Consumo el\u00e9ctrico 2,6 A.<\/li>\n<li>Potencia 0,5 hp.<\/li>\n<li>Tipo de aislaci\u00f3n F.<\/li>\n<li>Altura m\u00e1xima 19 mca.<\/li>\n<li>Caudal m\u00e1ximo 4000 L\/h.<\/li>\n<li>Garant\u00eda oficial por 2 a\u00f1os.<\/li>\n<\/ul>\n","protected":false},"featured_media":2508,"comment_status":"open","ping_status":"closed","template":"","meta":[],"product_brand":[],"product_cat":[56,57,206],"product_tag":[77],"class_list":{"0":"post-2505","1":"product","2":"type-product","3":"status-publish","4":"has-post-thumbnail","6":"product_cat-bombas","7":"product_cat-presurizadoras","8":"product_cat-rowa-sfl","9":"product_tag-rowa","11":"first","12":"instock","13":"shipping-taxable","14":"purchasable","15":"product-type-simple"},"_links":{"self":[{"href":"https:\/\/biace.com.ar\/index.php\/wp-json\/wp\/v2\/product\/2505","targetHints":{"allow":["GET"]}}],"collection":[{"href":"https:\/\/biace.com.ar\/index.php\/wp-json\/wp\/v2\/product"}],"about":[{"href":"https:\/\/biace.com.ar\/index.php\/wp-json\/wp\/v2\/types\/product"}],"replies":[{"embeddable":true,"href":"https:\/\/biace.com.ar\/index.php\/wp-json\/wp\/v2\/comments?post=2505"}],"version-history":[{"count":1,"href":"https:\/\/biace.com.ar\/index.php\/wp-json\/wp\/v2\/product\/2505\/revisions"}],"predecessor-version":[{"id":4953,"href":"https:\/\/biace.com.ar\/index.php\/wp-json\/wp\/v2\/product\/2505\/revisions\/4953"}],"wp:featuredmedia":[{"embeddable":true,"href":"https:\/\/biace.com.ar\/index.php\/wp-json\/wp\/v2\/media\/2508"}],"wp:attachment":[{"href":"https:\/\/biace.com.ar\/index.php\/wp-json\/wp\/v2\/media?parent=2505"}],"wp:term":[{"taxonomy":"product_brand","embeddable":true,"href":"https:\/\/biace.com.ar\/index.php\/wp-json\/wp\/v2\/product_brand?post=2505"},{"taxonomy":"product_cat","embeddable":true,"href":"https:\/\/biace.com.ar\/index.php\/wp-json\/wp\/v2\/product_cat?post=2505"},{"taxonomy":"product_tag","embeddable":true,"href":"https:\/\/biace.com.ar\/index.php\/wp-json\/wp\/v2\/product_tag?post=2505"}],"curies":[{"name":"wp","href":"https:\/\/api.w.org\/{rel}","templated":true}]}}