{"id":2520,"date":"2024-02-26T17:11:48","date_gmt":"2024-02-26T16:11:48","guid":{"rendered":"https:\/\/biace.com.ar\/?post_type=product&#038;p=2520"},"modified":"2026-02-10T18:03:42","modified_gmt":"2026-02-10T17:03:42","slug":"bomba-presurizadora-rowa-tango-solar-14","status":"publish","type":"product","link":"https:\/\/biace.com.ar\/index.php\/producto\/bomba-presurizadora-rowa-tango-solar-14\/","title":{"rendered":"Bomba Presurizadora Rowa Tango Solar 14"},"content":{"rendered":"<p>El sistema presurizador esta compuesto de dos electrobombas ROWA (totalmente silenciosas) con un control de flujo el cual pondr\u00e1 en funcionamiento ambas electrobombas cuando se abra un grifo o ducha y se apagara cuando la misma se cierre, dejando la instalaci\u00f3n sin presi\u00f3n acumulada. Este sistema presurizador ha sido dise\u00f1ado particularmente para las instalaciones que poseen un calentador solar de baja presi\u00f3n. Lo cual obliga a colocar un presurizador \u201cluego\u201d del calentador y no antes del mismo. Es por ello que el producto posee dos electrobombas comandadas por un \u00fanico control autom\u00e1tico, una se instalar\u00e1 sobre la salida de agua caliente del calentador y la otra electrobomba sobre la bajada de agua fr\u00eda para la vivienda en general.<\/p>\n<p><strong>Ventajas<\/strong><br \/>\n* No le afectan las p\u00e9rdidas de agua en tuber\u00edas o grifer\u00edas.<br \/>\n* No presuriza la instalaci\u00f3n en forma continua solamente cuando se consume m\u00e1s de 1 litro de agua por minuto.<br \/>\n* Nunca se encender\u00e1 el equipo de no existir un consumo real de agua.<br \/>\n* Bajo consumo<br \/>\n* No produce golpes de ariete.<br \/>\n* No requiere mantenimiento.<br \/>\n* Seguridad, confiabilidad<\/p>\n<p><strong>Motor<\/strong><br \/>\n* Totalmente silencioso<br \/>\n* Bobinado protegido contra funcionamiento en seco, se apaga autom\u00e1ticamente<br \/>\n* Posee protector t\u00e9rmico incorporado.<\/p>\n<p><strong>Construcci\u00f3n<\/strong><br \/>\n* Equipos compactos.<br \/>\n* Partes en contacto con el agua fabricadas con materiales sanitarios.<br \/>\n* Sistema rotor h\u00famedo.<\/p>\n<p><strong>Conexiones<\/strong><br \/>\n* Entrada y salida con rosca de 1\u201d<br \/>\n* 2 llaves esf\u00e9ricas por bomba<br \/>\n* Conexi\u00f3n el\u00e9ctrica directa a la red<\/p>\n<p><strong>Sistema SRS<\/strong><br \/>\nEste producto fue fabricado de acuerdo con el \u201cSistema de Reparaci\u00f3n Simple\u201d por kits de reposici\u00f3n ROWA (SRS). El sistema SRS permite realizar cualquier reparaci\u00f3n en menos de 15 minutos, en el mismo lugar donde se encuentra instalado el equipo. Los kits de reposici\u00f3n SRS pueden ser adquiridos en los comercios autorizados por ROWA.<\/p>\n<p><strong>Garant\u00eda de f\u00e1brica por 2 a\u00f1os<\/strong><\/p>\n","protected":false},"excerpt":{"rendered":"<ul>\n<li>Tensiones disponibles: 220V<\/li>\n<li>Temperatura m\u00e1xima del agua: 50\u00baC a 70\u00baC con picos de 90\u00baC<\/li>\n<li>Temperatura ambiente: 40\u00baC<\/li>\n<li>Presi\u00f3n m\u00e1xima del sistema: 4Kg\/cm\u00b2<\/li>\n<li>Tipo de aislaci\u00f3n: F<\/li>\n<li>P\u00e9rdida de carga m\u00e1xima en succi\u00f3n: 4 m.c.a.<\/li>\n<\/ul>\n","protected":false},"featured_media":2524,"comment_status":"open","ping_status":"closed","template":"","meta":[],"product_brand":[],"product_cat":[56,57],"product_tag":[77],"class_list":{"0":"post-2520","1":"product","2":"type-product","3":"status-publish","4":"has-post-thumbnail","6":"product_cat-bombas","7":"product_cat-presurizadoras","8":"product_tag-rowa","10":"first","11":"instock","12":"shipping-taxable","13":"purchasable","14":"product-type-simple"},"_links":{"self":[{"href":"https:\/\/biace.com.ar\/index.php\/wp-json\/wp\/v2\/product\/2520","targetHints":{"allow":["GET"]}}],"collection":[{"href":"https:\/\/biace.com.ar\/index.php\/wp-json\/wp\/v2\/product"}],"about":[{"href":"https:\/\/biace.com.ar\/index.php\/wp-json\/wp\/v2\/types\/product"}],"replies":[{"embeddable":true,"href":"https:\/\/biace.com.ar\/index.php\/wp-json\/wp\/v2\/comments?post=2520"}],"version-history":[{"count":2,"href":"https:\/\/biace.com.ar\/index.php\/wp-json\/wp\/v2\/product\/2520\/revisions"}],"predecessor-version":[{"id":4961,"href":"https:\/\/biace.com.ar\/index.php\/wp-json\/wp\/v2\/product\/2520\/revisions\/4961"}],"wp:featuredmedia":[{"embeddable":true,"href":"https:\/\/biace.com.ar\/index.php\/wp-json\/wp\/v2\/media\/2524"}],"wp:attachment":[{"href":"https:\/\/biace.com.ar\/index.php\/wp-json\/wp\/v2\/media?parent=2520"}],"wp:term":[{"taxonomy":"product_brand","embeddable":true,"href":"https:\/\/biace.com.ar\/index.php\/wp-json\/wp\/v2\/product_brand?post=2520"},{"taxonomy":"product_cat","embeddable":true,"href":"https:\/\/biace.com.ar\/index.php\/wp-json\/wp\/v2\/product_cat?post=2520"},{"taxonomy":"product_tag","embeddable":true,"href":"https:\/\/biace.com.ar\/index.php\/wp-json\/wp\/v2\/product_tag?post=2520"}],"curies":[{"name":"wp","href":"https:\/\/api.w.org\/{rel}","templated":true}]}}