{"id":2532,"date":"2024-02-26T17:18:59","date_gmt":"2024-02-26T16:18:59","guid":{"rendered":"https:\/\/biace.com.ar\/?post_type=product&#038;p=2532"},"modified":"2026-02-10T17:31:16","modified_gmt":"2026-02-10T16:31:16","slug":"bomba-presurizadora-rowa-max-flow-327-me-60","status":"publish","type":"product","link":"https:\/\/biace.com.ar\/index.php\/producto\/bomba-presurizadora-rowa-max-flow-327-me-60\/","title":{"rendered":"Bomba Presurizadora Rowa Max Flow 327 ME 50\/60 L"},"content":{"rendered":"<ul>\n<li>Aumento de la presi\u00f3n de agua en edificaciones de tama\u00f1o medio, con o sin v\u00e1lvulas de descarga para inodoros que requieran presurizaci\u00f3n sin fluctuaciones y abundancia de agua.<\/li>\n<li>Residencial: Casas, departamentos, etc.<\/li>\n<li>Comercial: Restaurantes, hoteles, estaciones de servicio, etc.<\/li>\n<li>Hasta 8 duchas y v\u00e1lvula de descarga.<\/li>\n<li>No produce golpes de ariete.<\/li>\n<li>\u00fanico con sistema RPX.<\/li>\n<li>La bomba del equipo es ROWA y por ello es totalmente silenciosa.<\/li>\n<li>No requiere ning\u00fan mantenimiento.<\/li>\n<li>Dos salidas, una para la instalaci\u00f3n sanitaria general y otra para v\u00e1lvulas de descarga.<\/li>\n<li>Un s\u00f3lo equipo para la instalaci\u00f3n sanitaria general y alimentaci\u00f3n de v\u00e1lvulas de inodoro.<\/li>\n<li>Seguridad, confiabilidad.<\/li>\n<\/ul>\n","protected":false},"excerpt":{"rendered":"<ul>\n<li>Consumo el\u00e9ctrico 8 A.<\/li>\n<li>Potencia 2 hp.<\/li>\n<li>Tipo de aislaci\u00f3n F.<\/li>\n<li>Altura m\u00e1xima 24 mca.<\/li>\n<li>Caudal m\u00e1ximo 20000 L\/h.<\/li>\n<li>Garant\u00eda oficial por 2 a\u00f1os.<\/li>\n<\/ul>\n","protected":false},"featured_media":2536,"comment_status":"open","ping_status":"closed","template":"","meta":[],"product_brand":[],"product_cat":[56,57],"product_tag":[77],"class_list":{"0":"post-2532","1":"product","2":"type-product","3":"status-publish","4":"has-post-thumbnail","6":"product_cat-bombas","7":"product_cat-presurizadoras","8":"product_tag-rowa","10":"first","11":"instock","12":"shipping-taxable","13":"purchasable","14":"product-type-simple"},"_links":{"self":[{"href":"https:\/\/biace.com.ar\/index.php\/wp-json\/wp\/v2\/product\/2532","targetHints":{"allow":["GET"]}}],"collection":[{"href":"https:\/\/biace.com.ar\/index.php\/wp-json\/wp\/v2\/product"}],"about":[{"href":"https:\/\/biace.com.ar\/index.php\/wp-json\/wp\/v2\/types\/product"}],"replies":[{"embeddable":true,"href":"https:\/\/biace.com.ar\/index.php\/wp-json\/wp\/v2\/comments?post=2532"}],"version-history":[{"count":2,"href":"https:\/\/biace.com.ar\/index.php\/wp-json\/wp\/v2\/product\/2532\/revisions"}],"predecessor-version":[{"id":4979,"href":"https:\/\/biace.com.ar\/index.php\/wp-json\/wp\/v2\/product\/2532\/revisions\/4979"}],"wp:featuredmedia":[{"embeddable":true,"href":"https:\/\/biace.com.ar\/index.php\/wp-json\/wp\/v2\/media\/2536"}],"wp:attachment":[{"href":"https:\/\/biace.com.ar\/index.php\/wp-json\/wp\/v2\/media?parent=2532"}],"wp:term":[{"taxonomy":"product_brand","embeddable":true,"href":"https:\/\/biace.com.ar\/index.php\/wp-json\/wp\/v2\/product_brand?post=2532"},{"taxonomy":"product_cat","embeddable":true,"href":"https:\/\/biace.com.ar\/index.php\/wp-json\/wp\/v2\/product_cat?post=2532"},{"taxonomy":"product_tag","embeddable":true,"href":"https:\/\/biace.com.ar\/index.php\/wp-json\/wp\/v2\/product_tag?post=2532"}],"curies":[{"name":"wp","href":"https:\/\/api.w.org\/{rel}","templated":true}]}}