{"id":2540,"date":"2024-02-26T17:25:35","date_gmt":"2024-02-26T16:25:35","guid":{"rendered":"https:\/\/biace.com.ar\/?post_type=product&#038;p=2540"},"modified":"2026-02-10T18:02:00","modified_gmt":"2026-02-10T17:02:00","slug":"bomba-presurizadora-rowa-mini-rw9","status":"publish","type":"product","link":"https:\/\/biace.com.ar\/index.php\/producto\/bomba-presurizadora-rowa-mini-rw9\/","title":{"rendered":"Bomba Presurizadora Rowa Mini Rw9"},"content":{"rendered":"<ul>\n<li>Presurizaci\u00f3n para un solo consumo.<\/li>\n<li>Ideal para aumentar la presi\u00f3n en sistemas sanitarios con calef\u00f3n.<\/li>\n<li>Materiales sanitarios en contacto con el agua bombeada.<\/li>\n<li>Silenciosa y de gran rendimiento.<\/li>\n<li>Di\u00e1metro de la conexi\u00f3n a la tuber\u00eda 1\/2.<\/li>\n<li>Solo es apta para agua limpia.<\/li>\n<\/ul>\n","protected":false},"excerpt":{"rendered":"<ul>\n<li>Presi\u00f3n m\u00e1xima 9 mca.<\/li>\n<li>Caudal m\u00e1ximo 1800 l\/h.<\/li>\n<li>Consumo 100 W.<\/li>\n<li>Grado de protecci\u00f3n IP 42.<\/li>\n<li>La presi\u00f3n m\u00ednima de entrada debe ser mantenida para evitar la cavitaci\u00f3n.<\/li>\n<li>Garant\u00eda oficial por 2 a\u00f1os.<\/li>\n<\/ul>\n","protected":false},"featured_media":2545,"comment_status":"open","ping_status":"closed","template":"","meta":[],"product_brand":[],"product_cat":[56,57],"product_tag":[77],"class_list":{"0":"post-2540","1":"product","2":"type-product","3":"status-publish","4":"has-post-thumbnail","6":"product_cat-bombas","7":"product_cat-presurizadoras","8":"product_tag-rowa","10":"first","11":"instock","12":"shipping-taxable","13":"purchasable","14":"product-type-simple"},"_links":{"self":[{"href":"https:\/\/biace.com.ar\/index.php\/wp-json\/wp\/v2\/product\/2540","targetHints":{"allow":["GET"]}}],"collection":[{"href":"https:\/\/biace.com.ar\/index.php\/wp-json\/wp\/v2\/product"}],"about":[{"href":"https:\/\/biace.com.ar\/index.php\/wp-json\/wp\/v2\/types\/product"}],"replies":[{"embeddable":true,"href":"https:\/\/biace.com.ar\/index.php\/wp-json\/wp\/v2\/comments?post=2540"}],"version-history":[{"count":1,"href":"https:\/\/biace.com.ar\/index.php\/wp-json\/wp\/v2\/product\/2540\/revisions"}],"predecessor-version":[{"id":4959,"href":"https:\/\/biace.com.ar\/index.php\/wp-json\/wp\/v2\/product\/2540\/revisions\/4959"}],"wp:featuredmedia":[{"embeddable":true,"href":"https:\/\/biace.com.ar\/index.php\/wp-json\/wp\/v2\/media\/2545"}],"wp:attachment":[{"href":"https:\/\/biace.com.ar\/index.php\/wp-json\/wp\/v2\/media?parent=2540"}],"wp:term":[{"taxonomy":"product_brand","embeddable":true,"href":"https:\/\/biace.com.ar\/index.php\/wp-json\/wp\/v2\/product_brand?post=2540"},{"taxonomy":"product_cat","embeddable":true,"href":"https:\/\/biace.com.ar\/index.php\/wp-json\/wp\/v2\/product_cat?post=2540"},{"taxonomy":"product_tag","embeddable":true,"href":"https:\/\/biace.com.ar\/index.php\/wp-json\/wp\/v2\/product_tag?post=2540"}],"curies":[{"name":"wp","href":"https:\/\/api.w.org\/{rel}","templated":true}]}}