{"id":2551,"date":"2024-02-26T17:46:47","date_gmt":"2024-02-26T16:46:47","guid":{"rendered":"https:\/\/biace.com.ar\/?post_type=product&#038;p=2551"},"modified":"2025-11-25T19:25:29","modified_gmt":"2025-11-25T18:25:29","slug":"motorarg-bc-100-impulsor-acero-inoxidable","status":"publish","type":"product","link":"https:\/\/biace.com.ar\/index.php\/producto\/motorarg-bc-100-impulsor-acero-inoxidable\/","title":{"rendered":"Motorarg BC 100 Impulsor Acero Inoxidable"},"content":{"rendered":"<p class=\"cuerpo-de-texto-con-sangr\u00eda\"><strong>Aplicaciones Bomba Centr\u00edfuga Motorarg BC 100 c\/Impulsor de Acero<\/strong><\/p>\n<ul>\n<li>La bomba centr\u00edfuga Motorarg BC 100 con impulsor de acero es \u00fatil para la impulsi\u00f3n de agua limpia.<\/li>\n<li>Es adecuada para la elevaci\u00f3n de agua limpia desde tanques cisternas.<\/li>\n<li>La bomba centr\u00edfuga Motorarg BC 100 con impulsor de acero encuentra aplicaci\u00f3n tambi\u00e9n en sistemas de riego y presurizaci\u00f3n.<\/li>\n<\/ul>\n<p>&nbsp;<\/p>\n<p class=\"cuerpo-de-texto-con-sangr\u00eda\"><strong>Ventajas Bomba Centr\u00edfuga Motorarg BC 100 c\/Impulsor de Acero<\/strong><\/p>\n<ul>\n<li>La bomba centr\u00edfuga Motorarg BC 100 con impulsor de acero posee garant\u00eda de 1 a\u00f1o oficial Motorarg.<\/li>\n<li>Producto de Industria Nacional.<\/li>\n<li>Linea de repuestos completa, la bomba centr\u00edfuga Motorarg BC 100 con impulsor de acero cuenta con reposici\u00f3n de sus partes.<\/li>\n<li>Seguridad, la bomba centr\u00edfuga Motorarg BC 100 con impulsor de acero posee motor con aislaci\u00f3n B-IP44<\/li>\n<li>La bomba centr\u00edfuga Motorarg BC 100 con impulsor de acero\u00a0cumple con las normas de seguridad internacionales IEC.<\/li>\n<\/ul>\n<p>&nbsp;<\/p>\n<p class=\"cuerpo-de-texto-con-sangr\u00eda\"><strong>Dimensiones Bomba Centr\u00edfuga Motorarg BC 100 c\/Impulsor de Acero<\/strong><\/p>\n<p>\u00a0 \u00a0<img decoding=\"async\" src=\"http:\/\/www.tusta.com.ar\/admin\/imagenes\/motorarg%20cotas%20bc%20tusta.jpg\" \/><\/p>\n<p><img decoding=\"async\" src=\"http:\/\/www.tusta.com.ar\/admin\/imagenes\/medidas%20motorarg%20BC%20tusta.jpg\" \/><\/p>\n<p class=\"cuerpo-de-texto-con-sangr\u00eda\"><strong>Caracter\u00edsticas\u00a0T\u00e9cnicas Bomba Centr\u00edfuga Motorarg BC 100 c\/ Impulsor de Acero<\/strong><\/p>\n<ul>\n<li>La bomba centr\u00edfuga Motorarg BC 100 con impulsor de acero posee cuerpo de hierro fundido.<\/li>\n<li>Impulsor de acero inoxidable en bomba centr\u00edfuga Motorarg BC 50\/75\/100.<\/li>\n<li>Impulsor de bronce en bomba centr\u00edfuga Motorarg\u00a0BC 40\/125\/100\/200\/230\/235.<\/li>\n<li>Impulsor de noryl en bomba centr\u00edfuga Motorarg\u00a0BC 235H.<\/li>\n<li>La bomba centr\u00edfuga Motorarg BC 100 con impulsor de acero\u00a0\u00a0posee portasello de acero inoxidable.<\/li>\n<li>Eje de acero inoxidable.<\/li>\n<li>La bomba centr\u00edfuga Motorarg BC 100 con impulsor de acero cuenta con protector\u00a0t\u00e9rmico\u00a0incorporado.<\/li>\n<li>Temperatura del fluido m\u00e1xima 35 C.<\/li>\n<li>Temperatura de ambiente m\u00e1xima 40 C.<\/li>\n<li>M\u00e1ximo nivel de aspiraci\u00f3n 7 mt.<\/li>\n<\/ul>\n<p><img decoding=\"async\" src=\"http:\/\/www.tusta.com.ar\/admin\/imagenes\/caracteristicas%20motorarg%20BC%20tusta.jpg\" \/><\/p>\n<p>&nbsp;<\/p>\n<p class=\"cuerpo-de-texto-con-sangr\u00eda\"><strong>Curva\u00a0Hidr\u00e1ulica Bomba Centr\u00edfuga Motorarg BC 40\/50\/75\/125\/180<\/strong><\/p>\n<p><img decoding=\"async\" src=\"http:\/\/www.tusta.com.ar\/admin\/imagenes\/tusta%20curva%20motorarg%20BC%201.jpg\" \/><\/p>\n<p>&nbsp;<\/p>\n<p class=\"cuerpo-de-texto-con-sangr\u00eda\"><strong>Curva\u00a0Hidr\u00e1ulica Bomba Centr\u00edfuga Motorarg BC 200\/230\/235\/235H<\/strong><\/p>\n<p><img decoding=\"async\" src=\"http:\/\/www.tusta.com.ar\/admin\/imagenes\/tusta%20curva%20motorarg%20BC%202.jpg\" \/><\/p>\n<p>&nbsp;<\/p>\n<p class=\"cuerpo-de-texto-con-sangr\u00eda\"><strong>Recomendaciones para la Instalaci\u00f3n Bomba Centr\u00edfuga BC 100 c\/Impulsor de Acero<\/strong><\/p>\n<ul>\n<li>Leer atentamente el manual de instrucciones de la bomba centr\u00edfuga Motorarg BC 100 con impulsor de acero.<\/li>\n<li>Realizar la instalaci\u00f3n el\u00e9ctrica con personal calificado y matriculado respetando las normas vigentes.<\/li>\n<li>Las \u00a0tuber\u00edas\u00a0deben ser minimamente del mismo di\u00e1metro de las bocas de la\u00a0bomba centr\u00edfuga Motorarg BC 100 con impulsor de acero\u00a0.<\/li>\n<li>Si el ramal de succi\u00f3n supera los 4 mts de longitud seleccionar una\u00a0secci\u00f3n\u00a0mayor a la de la boca de\u00a0conexi\u00f3n.<\/li>\n<li>Instalar la bomba centr\u00edfuga Motorarg BC 100 con impulsor de acero\u00a0\u00a0en un lugar seco y ventilado.<\/li>\n<li>Colocar en el ramal de succi\u00f3n una v\u00e1lvula de\u00a0retenci\u00f3n.<\/li>\n<li>Colocar una v\u00e1lvula de retenci\u00f3n a la salida de la bomba si la columna de impulsi\u00f3n es igual o mayor a 20 mca.<\/li>\n<li>Realizar el cebado de la bomba centr\u00edfuga Motorarg BC 100 con impulsor de acero\u00a0una vez terminada la instalaci\u00f3n o bien luego de largos per\u00edodos de no uso.<\/li>\n<\/ul>\n<p>&nbsp;<\/p>\n<p class=\"cuerpo-de-texto-con-sangr\u00eda\"><strong>Mantenimiento Bomba Centr\u00edfuga Motorarg BC 100 c\/Impulsor de Acero<\/strong><\/p>\n<ul>\n<li>Antes de\u00a0cualquier\u00a0operaci\u00f3n de mantenimiento y\/o reparaci\u00f3n sobre la\u00a0bomba centr\u00edfuga Motorarg BC 100 con impulsor de acero\u00a0desconectar el suministro el\u00e9ctrico.<\/li>\n<li>La bomba centr\u00edfuga Motorarg BC 100 con impulsor de acero\u00a0no necesita operaciones de mantenimiento especiales.<\/li>\n<li>En caso de riesgo de helada\u00a0vac\u00ede\u00a0completamente la\u00a0bomba centr\u00edfuga Motorarg BC 100 con impulsor de acero\u00a0y cebela nuevamente antes de utilizarla nuevamente.<\/li>\n<li>Verificar que la v\u00e1lvula de\u00a0retenci\u00f3n\u00a0se encuentre limpia y libre de obstrucciones.<\/li>\n<li>En caso de permanecer largos periodos de no uso es\u00a0conveniente\u00a0desinstalar la bomba centr\u00edfuga Motorarg BC 100 con impulsor de acero, limpiar con agua, secar y guardar en un lugar seco.<\/li>\n<li>En caso de bloqueo del rotor por periodos de no uso, desbloquear el rotor introduciendo un destornillador en la tapa del ventilador de\u00a0la bomba centr\u00edfuga Motorarg BC 100 con impulsor de acero.<\/li>\n<\/ul>\n","protected":false},"excerpt":{"rendered":"<ul>\n<li>La bomba centr\u00edfuga Motorarg BC 100 con impulsor de acero posee cuerpo de hierro fundido.<\/li>\n<li>Impulsor de acero inoxidable en bomba centr\u00edfuga Motorarg BC 50\/75\/100.<\/li>\n<li>Impulsor de bronce en bomba centr\u00edfuga Motorarg\u00a0BC 40\/125\/100\/200\/230\/235.<\/li>\n<li>Impulsor de noryl en bomba centr\u00edfuga Motorarg\u00a0BC 235H.<\/li>\n<\/ul>\n","protected":false},"featured_media":2553,"comment_status":"open","ping_status":"closed","template":"","meta":[],"product_brand":[],"product_cat":[56,59],"product_tag":[75],"class_list":{"0":"post-2551","1":"product","2":"type-product","3":"status-publish","4":"has-post-thumbnail","6":"product_cat-bombas","7":"product_cat-centrifugas","8":"product_tag-motorarg","10":"first","11":"instock","12":"shipping-taxable","13":"purchasable","14":"product-type-simple"},"_links":{"self":[{"href":"https:\/\/biace.com.ar\/index.php\/wp-json\/wp\/v2\/product\/2551","targetHints":{"allow":["GET"]}}],"collection":[{"href":"https:\/\/biace.com.ar\/index.php\/wp-json\/wp\/v2\/product"}],"about":[{"href":"https:\/\/biace.com.ar\/index.php\/wp-json\/wp\/v2\/types\/product"}],"replies":[{"embeddable":true,"href":"https:\/\/biace.com.ar\/index.php\/wp-json\/wp\/v2\/comments?post=2551"}],"version-history":[{"count":1,"href":"https:\/\/biace.com.ar\/index.php\/wp-json\/wp\/v2\/product\/2551\/revisions"}],"predecessor-version":[{"id":5644,"href":"https:\/\/biace.com.ar\/index.php\/wp-json\/wp\/v2\/product\/2551\/revisions\/5644"}],"wp:featuredmedia":[{"embeddable":true,"href":"https:\/\/biace.com.ar\/index.php\/wp-json\/wp\/v2\/media\/2553"}],"wp:attachment":[{"href":"https:\/\/biace.com.ar\/index.php\/wp-json\/wp\/v2\/media?parent=2551"}],"wp:term":[{"taxonomy":"product_brand","embeddable":true,"href":"https:\/\/biace.com.ar\/index.php\/wp-json\/wp\/v2\/product_brand?post=2551"},{"taxonomy":"product_cat","embeddable":true,"href":"https:\/\/biace.com.ar\/index.php\/wp-json\/wp\/v2\/product_cat?post=2551"},{"taxonomy":"product_tag","embeddable":true,"href":"https:\/\/biace.com.ar\/index.php\/wp-json\/wp\/v2\/product_tag?post=2551"}],"curies":[{"name":"wp","href":"https:\/\/api.w.org\/{rel}","templated":true}]}}