{"id":2620,"date":"2024-02-26T20:28:35","date_gmt":"2024-02-26T19:28:35","guid":{"rendered":"https:\/\/biace.com.ar\/?post_type=product&#038;p=2620"},"modified":"2025-09-11T20:13:42","modified_gmt":"2025-09-11T18:13:42","slug":"termostato-honeywell-digital-pro-1000","status":"publish","type":"product","link":"https:\/\/biace.com.ar\/index.php\/producto\/termostato-honeywell-digital-pro-1000\/","title":{"rendered":"Termostato Honeywell Digital Pro 1000"},"content":{"rendered":"<ul>\n<li>Aplicaci\u00f3n en sistemas fr\u00edo-calor, fr\u00edo solo o solo calefacci\u00f3n.<\/li>\n<li>Modelo TH1110DV1009.<\/li>\n<li>Simple instalaci\u00f3n y uso.<\/li>\n<li>No programable.<\/li>\n<\/ul>\n","protected":false},"excerpt":{"rendered":"<ul>\n<li>Alimentaci\u00f3n 24 v o bater\u00edas removibles AAA.<\/li>\n<li>Display digital retroiluminado.<\/li>\n<li>Capacidad de comando 1 etapa en calefacci\u00f3n, 1 etapa en frio.<\/li>\n<li>Seteo de a 0,5 grados.<\/li>\n<\/ul>\n","protected":false},"featured_media":2621,"comment_status":"open","ping_status":"closed","template":"","meta":[],"product_brand":[],"product_cat":[83,84],"product_tag":[72],"class_list":{"0":"post-2620","1":"product","2":"type-product","3":"status-publish","4":"has-post-thumbnail","6":"product_cat-calefaccion-2","7":"product_cat-termostatos","8":"product_tag-honeywell","10":"first","11":"instock","12":"shipping-taxable","13":"product-type-simple"},"_links":{"self":[{"href":"https:\/\/biace.com.ar\/index.php\/wp-json\/wp\/v2\/product\/2620","targetHints":{"allow":["GET"]}}],"collection":[{"href":"https:\/\/biace.com.ar\/index.php\/wp-json\/wp\/v2\/product"}],"about":[{"href":"https:\/\/biace.com.ar\/index.php\/wp-json\/wp\/v2\/types\/product"}],"replies":[{"embeddable":true,"href":"https:\/\/biace.com.ar\/index.php\/wp-json\/wp\/v2\/comments?post=2620"}],"version-history":[{"count":1,"href":"https:\/\/biace.com.ar\/index.php\/wp-json\/wp\/v2\/product\/2620\/revisions"}],"predecessor-version":[{"id":5773,"href":"https:\/\/biace.com.ar\/index.php\/wp-json\/wp\/v2\/product\/2620\/revisions\/5773"}],"wp:featuredmedia":[{"embeddable":true,"href":"https:\/\/biace.com.ar\/index.php\/wp-json\/wp\/v2\/media\/2621"}],"wp:attachment":[{"href":"https:\/\/biace.com.ar\/index.php\/wp-json\/wp\/v2\/media?parent=2620"}],"wp:term":[{"taxonomy":"product_brand","embeddable":true,"href":"https:\/\/biace.com.ar\/index.php\/wp-json\/wp\/v2\/product_brand?post=2620"},{"taxonomy":"product_cat","embeddable":true,"href":"https:\/\/biace.com.ar\/index.php\/wp-json\/wp\/v2\/product_cat?post=2620"},{"taxonomy":"product_tag","embeddable":true,"href":"https:\/\/biace.com.ar\/index.php\/wp-json\/wp\/v2\/product_tag?post=2620"}],"curies":[{"name":"wp","href":"https:\/\/api.w.org\/{rel}","templated":true}]}}