{"id":2879,"date":"2024-03-04T19:42:59","date_gmt":"2024-03-04T18:42:59","guid":{"rendered":"https:\/\/biace.com.ar\/?post_type=product&#038;p=2879"},"modified":"2025-09-11T20:20:59","modified_gmt":"2025-09-11T18:20:59","slug":"filtro-vc-100-soplado-vulcano","status":"publish","type":"product","link":"https:\/\/biace.com.ar\/index.php\/producto\/filtro-vc-100-soplado-vulcano\/","title":{"rendered":"Filtro VC 100 Soplado Vulcano"},"content":{"rendered":"<ul>\n<li>Di\u00e1metro de 690 mm.<\/li>\n<li>Para piletas de hasta 150 m.<\/li>\n<li>Con multiv\u00e1lvula selectora de 6 v\u00edas con las funciones de filtrado, retrolavado, desagote, enjuague, centrifugado y cerrado.<\/li>\n<li>Fabricados en una sola pieza y con materiales de alta resistencia a la corrosi\u00f3n, \u00e9stos equipos de filtrado garantizan una larga vida \u00fatil de \u00f3ptimo funcionamiento.<\/li>\n<\/ul>\n","protected":false},"excerpt":{"rendered":"<p>Di\u00e1metro de 690 mm. Para piletas de hasta 150 m. Con multiv\u00e1lvula selectora de 6 v\u00edas con las funciones de filtrado, retrolavado, desagote, enjuague, centrifugado y cerrado. Fabricados en una sola pieza y con materiales de alta resistencia a la corrosi\u00f3n, \u00e9stos equipos de filtrado garantizan una larga vida \u00fatil de \u00f3ptimo funcionamiento.<\/p>\n","protected":false},"featured_media":2888,"comment_status":"open","ping_status":"closed","template":"","meta":[],"product_brand":[],"product_cat":[120],"product_tag":[81],"class_list":{"0":"post-2879","1":"product","2":"type-product","3":"status-publish","4":"has-post-thumbnail","6":"product_cat-filtros","7":"product_tag-vulcano","9":"first","10":"instock","11":"shipping-taxable","12":"product-type-simple"},"_links":{"self":[{"href":"https:\/\/biace.com.ar\/index.php\/wp-json\/wp\/v2\/product\/2879","targetHints":{"allow":["GET"]}}],"collection":[{"href":"https:\/\/biace.com.ar\/index.php\/wp-json\/wp\/v2\/product"}],"about":[{"href":"https:\/\/biace.com.ar\/index.php\/wp-json\/wp\/v2\/types\/product"}],"replies":[{"embeddable":true,"href":"https:\/\/biace.com.ar\/index.php\/wp-json\/wp\/v2\/comments?post=2879"}],"version-history":[{"count":2,"href":"https:\/\/biace.com.ar\/index.php\/wp-json\/wp\/v2\/product\/2879\/revisions"}],"predecessor-version":[{"id":5682,"href":"https:\/\/biace.com.ar\/index.php\/wp-json\/wp\/v2\/product\/2879\/revisions\/5682"}],"wp:featuredmedia":[{"embeddable":true,"href":"https:\/\/biace.com.ar\/index.php\/wp-json\/wp\/v2\/media\/2888"}],"wp:attachment":[{"href":"https:\/\/biace.com.ar\/index.php\/wp-json\/wp\/v2\/media?parent=2879"}],"wp:term":[{"taxonomy":"product_brand","embeddable":true,"href":"https:\/\/biace.com.ar\/index.php\/wp-json\/wp\/v2\/product_brand?post=2879"},{"taxonomy":"product_cat","embeddable":true,"href":"https:\/\/biace.com.ar\/index.php\/wp-json\/wp\/v2\/product_cat?post=2879"},{"taxonomy":"product_tag","embeddable":true,"href":"https:\/\/biace.com.ar\/index.php\/wp-json\/wp\/v2\/product_tag?post=2879"}],"curies":[{"name":"wp","href":"https:\/\/api.w.org\/{rel}","templated":true}]}}