{"id":2904,"date":"2024-03-04T20:52:10","date_gmt":"2024-03-04T19:52:10","guid":{"rendered":"https:\/\/biace.com.ar\/?post_type=product&#038;p=2904"},"modified":"2025-09-11T20:23:03","modified_gmt":"2025-09-11T18:23:03","slug":"carga-filtrante-vc-50-grava","status":"publish","type":"product","link":"https:\/\/biace.com.ar\/index.php\/producto\/carga-filtrante-vc-50-grava\/","title":{"rendered":"Carga Filtrante VC 50 Grava"},"content":{"rendered":"<ul>\n<li>Conjunto de material filtrante \u00f3ptimo para filtro VC-50, compuesto por 100 kg de grava N12.<\/li>\n<li>Presentaci\u00f3n por bolsas: 5 grava (20 kg).<\/li>\n<li>Retiene part\u00edculas de hasta 50 micrones aproximadamente.<\/li>\n<\/ul>\n","protected":false},"excerpt":{"rendered":"<p>Conjunto de material filtrante \u00f3ptimo para filtro VC-50, compuesto por 100 kg de grava N12. Presentaci\u00f3n por bolsas: 5 grava (20 kg). Retiene part\u00edculas de hasta 50 micrones aproximadamente.<\/p>\n","protected":false},"featured_media":2915,"comment_status":"open","ping_status":"closed","template":"","meta":[],"product_brand":[],"product_cat":[121,119],"product_tag":[],"class_list":{"0":"post-2904","1":"product","2":"type-product","3":"status-publish","4":"has-post-thumbnail","6":"product_cat-carga-filtrante","7":"product_cat-piscina","9":"first","10":"instock","11":"shipping-taxable","12":"purchasable","13":"product-type-simple"},"_links":{"self":[{"href":"https:\/\/biace.com.ar\/index.php\/wp-json\/wp\/v2\/product\/2904","targetHints":{"allow":["GET"]}}],"collection":[{"href":"https:\/\/biace.com.ar\/index.php\/wp-json\/wp\/v2\/product"}],"about":[{"href":"https:\/\/biace.com.ar\/index.php\/wp-json\/wp\/v2\/types\/product"}],"replies":[{"embeddable":true,"href":"https:\/\/biace.com.ar\/index.php\/wp-json\/wp\/v2\/comments?post=2904"}],"version-history":[{"count":1,"href":"https:\/\/biace.com.ar\/index.php\/wp-json\/wp\/v2\/product\/2904\/revisions"}],"predecessor-version":[{"id":2916,"href":"https:\/\/biace.com.ar\/index.php\/wp-json\/wp\/v2\/product\/2904\/revisions\/2916"}],"wp:featuredmedia":[{"embeddable":true,"href":"https:\/\/biace.com.ar\/index.php\/wp-json\/wp\/v2\/media\/2915"}],"wp:attachment":[{"href":"https:\/\/biace.com.ar\/index.php\/wp-json\/wp\/v2\/media?parent=2904"}],"wp:term":[{"taxonomy":"product_brand","embeddable":true,"href":"https:\/\/biace.com.ar\/index.php\/wp-json\/wp\/v2\/product_brand?post=2904"},{"taxonomy":"product_cat","embeddable":true,"href":"https:\/\/biace.com.ar\/index.php\/wp-json\/wp\/v2\/product_cat?post=2904"},{"taxonomy":"product_tag","embeddable":true,"href":"https:\/\/biace.com.ar\/index.php\/wp-json\/wp\/v2\/product_tag?post=2904"}],"curies":[{"name":"wp","href":"https:\/\/api.w.org\/{rel}","templated":true}]}}