{"id":3026,"date":"2024-03-04T22:04:46","date_gmt":"2024-03-04T21:04:46","guid":{"rendered":"https:\/\/biace.com.ar\/?post_type=product&#038;p=3026"},"modified":"2025-09-11T20:34:50","modified_gmt":"2025-09-11T18:34:50","slug":"escalera-confort-3-peldanos-plastico-vulcano","status":"publish","type":"product","link":"https:\/\/biace.com.ar\/index.php\/producto\/escalera-confort-3-peldanos-plastico-vulcano\/","title":{"rendered":"Escalera Confort 3 Pelda\u00f1os Pl\u00e1stico Vulcano"},"content":{"rendered":"<div align=\"center\">\n<div id=\"lodeladerecha\" align=\"left\">\n<ul>\n<li>Fabricada con laterales de acero inoxidable con terminaci\u00f3n pulido espejo y pelda\u00f1os de ABS.<\/li>\n<li>Indicada para piscinas con profundidad de 100 a 130 cm.<\/li>\n<li>Materiales constructivos resistentes a la corrosi\u00f3n.<\/li>\n<li>Pensadas como un medio f\u00e1cil y seguro para entrar o salir del agua, realzando la est\u00e9tica de la piscina.<\/li>\n<li>La caja incluye 2 anclajes de escalera.<\/li>\n<\/ul>\n<\/div>\n<\/div>\n","protected":false},"excerpt":{"rendered":"<p>Fabricada con laterales de acero inoxidable con terminaci\u00f3n pulido espejo y pelda\u00f1os de ABS. Indicada para piscinas con profundidad de 100 a 130 cm. Materiales constructivos resistentes a la corrosi\u00f3n. Pensadas como un medio f\u00e1cil y seguro para entrar o salir del agua, realzando la est\u00e9tica de la piscina. La caja incluye 2 anclajes de escalera.<\/p>\n","protected":false},"featured_media":3037,"comment_status":"open","ping_status":"closed","template":"","meta":[],"product_brand":[],"product_cat":[125,119],"product_tag":[81],"class_list":{"0":"post-3026","1":"product","2":"type-product","3":"status-publish","4":"has-post-thumbnail","6":"product_cat-escaleras","7":"product_cat-piscina","8":"product_tag-vulcano","10":"first","11":"instock","12":"shipping-taxable","13":"product-type-simple"},"_links":{"self":[{"href":"https:\/\/biace.com.ar\/index.php\/wp-json\/wp\/v2\/product\/3026","targetHints":{"allow":["GET"]}}],"collection":[{"href":"https:\/\/biace.com.ar\/index.php\/wp-json\/wp\/v2\/product"}],"about":[{"href":"https:\/\/biace.com.ar\/index.php\/wp-json\/wp\/v2\/types\/product"}],"replies":[{"embeddable":true,"href":"https:\/\/biace.com.ar\/index.php\/wp-json\/wp\/v2\/comments?post=3026"}],"version-history":[{"count":2,"href":"https:\/\/biace.com.ar\/index.php\/wp-json\/wp\/v2\/product\/3026\/revisions"}],"predecessor-version":[{"id":5457,"href":"https:\/\/biace.com.ar\/index.php\/wp-json\/wp\/v2\/product\/3026\/revisions\/5457"}],"wp:featuredmedia":[{"embeddable":true,"href":"https:\/\/biace.com.ar\/index.php\/wp-json\/wp\/v2\/media\/3037"}],"wp:attachment":[{"href":"https:\/\/biace.com.ar\/index.php\/wp-json\/wp\/v2\/media?parent=3026"}],"wp:term":[{"taxonomy":"product_brand","embeddable":true,"href":"https:\/\/biace.com.ar\/index.php\/wp-json\/wp\/v2\/product_brand?post=3026"},{"taxonomy":"product_cat","embeddable":true,"href":"https:\/\/biace.com.ar\/index.php\/wp-json\/wp\/v2\/product_cat?post=3026"},{"taxonomy":"product_tag","embeddable":true,"href":"https:\/\/biace.com.ar\/index.php\/wp-json\/wp\/v2\/product_tag?post=3026"}],"curies":[{"name":"wp","href":"https:\/\/api.w.org\/{rel}","templated":true}]}}