{"id":3029,"date":"2024-03-04T22:04:53","date_gmt":"2024-03-04T21:04:53","guid":{"rendered":"https:\/\/biace.com.ar\/?post_type=product&#038;p=3029"},"modified":"2025-09-11T20:35:11","modified_gmt":"2025-09-11T18:35:11","slug":"vaina-para-escalera-vulcano","status":"publish","type":"product","link":"https:\/\/biace.com.ar\/index.php\/producto\/vaina-para-escalera-vulcano\/","title":{"rendered":"Vaina para Escalera Vulcano"},"content":{"rendered":"<div align=\"center\">\n<div id=\"lodeladerecha\" align=\"left\">\n<ul>\n<li>Vaina pl\u00e1stica para sujeci\u00f3n de escalera al piso.<\/li>\n<li>Permite remover e instalar la escalera r\u00e1pidamente.<\/li>\n<li>Su sistema permite una correcta sujeci\u00f3n al piso con excelente terminaci\u00f3n.<\/li>\n<\/ul>\n<\/div>\n<\/div>\n","protected":false},"excerpt":{"rendered":"<p>Vaina pl\u00e1stica para sujeci\u00f3n de escalera al piso. Permite remover e instalar la escalera r\u00e1pidamente. Su sistema permite una correcta sujeci\u00f3n al piso con excelente terminaci\u00f3n.<\/p>\n","protected":false},"featured_media":3043,"comment_status":"open","ping_status":"closed","template":"","meta":[],"product_brand":[],"product_cat":[125,119],"product_tag":[81],"class_list":{"0":"post-3029","1":"product","2":"type-product","3":"status-publish","4":"has-post-thumbnail","6":"product_cat-escaleras","7":"product_cat-piscina","8":"product_tag-vulcano","10":"first","11":"instock","12":"shipping-taxable","13":"product-type-simple"},"_links":{"self":[{"href":"https:\/\/biace.com.ar\/index.php\/wp-json\/wp\/v2\/product\/3029","targetHints":{"allow":["GET"]}}],"collection":[{"href":"https:\/\/biace.com.ar\/index.php\/wp-json\/wp\/v2\/product"}],"about":[{"href":"https:\/\/biace.com.ar\/index.php\/wp-json\/wp\/v2\/types\/product"}],"replies":[{"embeddable":true,"href":"https:\/\/biace.com.ar\/index.php\/wp-json\/wp\/v2\/comments?post=3029"}],"version-history":[{"count":1,"href":"https:\/\/biace.com.ar\/index.php\/wp-json\/wp\/v2\/product\/3029\/revisions"}],"predecessor-version":[{"id":3044,"href":"https:\/\/biace.com.ar\/index.php\/wp-json\/wp\/v2\/product\/3029\/revisions\/3044"}],"wp:featuredmedia":[{"embeddable":true,"href":"https:\/\/biace.com.ar\/index.php\/wp-json\/wp\/v2\/media\/3043"}],"wp:attachment":[{"href":"https:\/\/biace.com.ar\/index.php\/wp-json\/wp\/v2\/media?parent=3029"}],"wp:term":[{"taxonomy":"product_brand","embeddable":true,"href":"https:\/\/biace.com.ar\/index.php\/wp-json\/wp\/v2\/product_brand?post=3029"},{"taxonomy":"product_cat","embeddable":true,"href":"https:\/\/biace.com.ar\/index.php\/wp-json\/wp\/v2\/product_cat?post=3029"},{"taxonomy":"product_tag","embeddable":true,"href":"https:\/\/biace.com.ar\/index.php\/wp-json\/wp\/v2\/product_tag?post=3029"}],"curies":[{"name":"wp","href":"https:\/\/api.w.org\/{rel}","templated":true}]}}