{"id":3045,"date":"2024-03-04T22:10:46","date_gmt":"2024-03-04T21:10:46","guid":{"rendered":"https:\/\/biace.com.ar\/?post_type=product&#038;p=3045"},"modified":"2025-09-11T20:36:06","modified_gmt":"2025-09-11T18:36:06","slug":"pastillas-triple-accion-x-1kg-vulclor-vulcano","status":"publish","type":"product","link":"https:\/\/biace.com.ar\/index.php\/producto\/pastillas-triple-accion-x-1kg-vulclor-vulcano\/","title":{"rendered":"Pastillas Triple Acci\u00f3n x 1Kg Vulclor Vulcano"},"content":{"rendered":"<ul>\n<li>Cloro Vulclor Triple acci\u00f3n en pastillas de 200 gr de disoluci\u00f3n lenta.<\/li>\n<li>Presentaci\u00f3n por 1 Kg.<\/li>\n<li>Pastillas compuestas por cloro, clarificador y alguicida, f\u00f3rmula pensada para el mantenimiento espor\u00e1dico de piscinas.<\/li>\n<li>No incrementa la alcalinidad del agua, estabilizado ante la acci\u00f3n del sol.<\/li>\n<li>Alto poder residual, logra resultados \u00f3ptimos de desinfecci\u00f3n.<\/li>\n<li>Ideal para equipos dosificadores y boyas.<\/li>\n<li>La foto es ilustrativa<\/li>\n<\/ul>\n","protected":false},"excerpt":{"rendered":"<p>Cloro Vulclor Triple acci\u00f3n en pastillas de 200 gr de disoluci\u00f3n lenta. Presentaci\u00f3n por 1 Kg. Pastillas compuestas por cloro, clarificador y alguicida, f\u00f3rmula pensada para el mantenimiento espor\u00e1dico de piscinas. No incrementa la alcalinidad del agua, estabilizado ante la acci\u00f3n del sol. Alto poder residual, logra resultados \u00f3ptimos de desinfecci\u00f3n. Ideal para equipos dosificadores y boyas. La foto es ilustrativa<\/p>\n","protected":false},"featured_media":5157,"comment_status":"open","ping_status":"closed","template":"","meta":[],"product_brand":[],"product_cat":[119,126],"product_tag":[81],"class_list":{"0":"post-3045","1":"product","2":"type-product","3":"status-publish","4":"has-post-thumbnail","6":"product_cat-piscina","7":"product_cat-productos-quimicos","8":"product_tag-vulcano","10":"first","11":"instock","12":"shipping-taxable","13":"product-type-simple"},"_links":{"self":[{"href":"https:\/\/biace.com.ar\/index.php\/wp-json\/wp\/v2\/product\/3045","targetHints":{"allow":["GET"]}}],"collection":[{"href":"https:\/\/biace.com.ar\/index.php\/wp-json\/wp\/v2\/product"}],"about":[{"href":"https:\/\/biace.com.ar\/index.php\/wp-json\/wp\/v2\/types\/product"}],"replies":[{"embeddable":true,"href":"https:\/\/biace.com.ar\/index.php\/wp-json\/wp\/v2\/comments?post=3045"}],"version-history":[{"count":4,"href":"https:\/\/biace.com.ar\/index.php\/wp-json\/wp\/v2\/product\/3045\/revisions"}],"predecessor-version":[{"id":5690,"href":"https:\/\/biace.com.ar\/index.php\/wp-json\/wp\/v2\/product\/3045\/revisions\/5690"}],"wp:featuredmedia":[{"embeddable":true,"href":"https:\/\/biace.com.ar\/index.php\/wp-json\/wp\/v2\/media\/5157"}],"wp:attachment":[{"href":"https:\/\/biace.com.ar\/index.php\/wp-json\/wp\/v2\/media?parent=3045"}],"wp:term":[{"taxonomy":"product_brand","embeddable":true,"href":"https:\/\/biace.com.ar\/index.php\/wp-json\/wp\/v2\/product_brand?post=3045"},{"taxonomy":"product_cat","embeddable":true,"href":"https:\/\/biace.com.ar\/index.php\/wp-json\/wp\/v2\/product_cat?post=3045"},{"taxonomy":"product_tag","embeddable":true,"href":"https:\/\/biace.com.ar\/index.php\/wp-json\/wp\/v2\/product_tag?post=3045"}],"curies":[{"name":"wp","href":"https:\/\/api.w.org\/{rel}","templated":true}]}}