{"id":3117,"date":"2024-03-04T22:33:10","date_gmt":"2024-03-04T21:33:10","guid":{"rendered":"https:\/\/biace.com.ar\/?post_type=product&#038;p=3117"},"modified":"2025-09-11T20:39:42","modified_gmt":"2025-09-11T18:39:42","slug":"acople-90-liso-1-1-2-vulcano","status":"publish","type":"product","link":"https:\/\/biace.com.ar\/index.php\/producto\/acople-90-liso-1-1-2-vulcano\/","title":{"rendered":"Acople 90\u00b0 Liso 1 1\/2\u00bb Vulcano"},"content":{"rendered":"<ul>\n<li>Util para realizar las conexiones entre los componentes del sistema de filtrado de piscinas.<\/li>\n<li>Cuenta con rosca macho BSP 1 1\/2&#8243;.<\/li>\n<li>Posee una excelente resistencia mec\u00e1nica, qu\u00edmica y t\u00e9rmica.<\/li>\n<li>Facilita el desarme e ingreso al sistema desde la uni\u00f3n doble que posee.<\/li>\n<\/ul>\n","protected":false},"excerpt":{"rendered":"<p>Util para realizar las conexiones entre los componentes del sistema de filtrado de piscinas. Cuenta con rosca macho BSP 1 1\/2&#8243;. Posee una excelente resistencia mec\u00e1nica, qu\u00edmica y t\u00e9rmica. Facilita el desarme e ingreso al sistema desde la uni\u00f3n doble que posee.<\/p>\n","protected":false},"featured_media":3114,"comment_status":"open","ping_status":"closed","template":"","meta":[],"product_brand":[],"product_cat":[131,119],"product_tag":[81],"class_list":{"0":"post-3117","1":"product","2":"type-product","3":"status-publish","4":"has-post-thumbnail","6":"product_cat-acoples","7":"product_cat-piscina","8":"product_tag-vulcano","10":"first","11":"instock","12":"shipping-taxable","13":"product-type-simple"},"_links":{"self":[{"href":"https:\/\/biace.com.ar\/index.php\/wp-json\/wp\/v2\/product\/3117","targetHints":{"allow":["GET"]}}],"collection":[{"href":"https:\/\/biace.com.ar\/index.php\/wp-json\/wp\/v2\/product"}],"about":[{"href":"https:\/\/biace.com.ar\/index.php\/wp-json\/wp\/v2\/types\/product"}],"replies":[{"embeddable":true,"href":"https:\/\/biace.com.ar\/index.php\/wp-json\/wp\/v2\/comments?post=3117"}],"version-history":[{"count":2,"href":"https:\/\/biace.com.ar\/index.php\/wp-json\/wp\/v2\/product\/3117\/revisions"}],"predecessor-version":[{"id":5379,"href":"https:\/\/biace.com.ar\/index.php\/wp-json\/wp\/v2\/product\/3117\/revisions\/5379"}],"wp:featuredmedia":[{"embeddable":true,"href":"https:\/\/biace.com.ar\/index.php\/wp-json\/wp\/v2\/media\/3114"}],"wp:attachment":[{"href":"https:\/\/biace.com.ar\/index.php\/wp-json\/wp\/v2\/media?parent=3117"}],"wp:term":[{"taxonomy":"product_brand","embeddable":true,"href":"https:\/\/biace.com.ar\/index.php\/wp-json\/wp\/v2\/product_brand?post=3117"},{"taxonomy":"product_cat","embeddable":true,"href":"https:\/\/biace.com.ar\/index.php\/wp-json\/wp\/v2\/product_cat?post=3117"},{"taxonomy":"product_tag","embeddable":true,"href":"https:\/\/biace.com.ar\/index.php\/wp-json\/wp\/v2\/product_tag?post=3117"}],"curies":[{"name":"wp","href":"https:\/\/api.w.org\/{rel}","templated":true}]}}