{"id":3207,"date":"2024-03-05T13:27:03","date_gmt":"2024-03-05T12:27:03","guid":{"rendered":"https:\/\/biace.com.ar\/?post_type=product&#038;p=3207"},"modified":"2025-09-11T20:49:22","modified_gmt":"2025-09-11T18:49:22","slug":"hidromasajeador-blanco-empotrar-1-1-2","status":"publish","type":"product","link":"https:\/\/biace.com.ar\/index.php\/producto\/hidromasajeador-blanco-empotrar-1-1-2\/","title":{"rendered":"Hidromasajeador Blanco Empotrar 1 1\/2&#8243; Vulcano"},"content":{"rendered":"<div align=\"center\">\n<div id=\"lodeladerecha\" align=\"left\">\n<div align=\"left\">Hidromasajeador para piscinas de hormig\u00f3n, con aro desmontable blanco, y cuerpo con rosca macho de 1 1\/2&#8243;. Dise\u00f1ados especialmente para proporcionar al usuario una grata sensaci\u00f3n de bienestar y acci\u00f3n terap\u00e9utica, mediante un chorro o jet a presi\u00f3n que se puede combinar con aire, mediante un ca\u00f1o con sombrero venturi, o instalando una bomba sopladora.<\/div>\n<\/div>\n<\/div>\n","protected":false},"excerpt":{"rendered":"<p>Hidromasajeador para piscinas de hormig\u00f3n, con aro desmontable blanco, y cuerpo con rosca macho de 1 1\/2&#8243;. Dise\u00f1ados especialmente para proporcionar al usuario una grata sensaci\u00f3n de bienestar y acci\u00f3n terap\u00e9utica, mediante un chorro o jet a presi\u00f3n que se puede combinar con aire, mediante un ca\u00f1o con sombrero venturi, o instalando una bomba sopladora.<\/p>\n","protected":false},"featured_media":3208,"comment_status":"open","ping_status":"closed","template":"","meta":[],"product_brand":[],"product_cat":[141,119],"product_tag":[81],"class_list":{"0":"post-3207","1":"product","2":"type-product","3":"status-publish","4":"has-post-thumbnail","6":"product_cat-hidromasajeadores","7":"product_cat-piscina","8":"product_tag-vulcano","10":"first","11":"instock","12":"shipping-taxable","13":"product-type-simple"},"_links":{"self":[{"href":"https:\/\/biace.com.ar\/index.php\/wp-json\/wp\/v2\/product\/3207","targetHints":{"allow":["GET"]}}],"collection":[{"href":"https:\/\/biace.com.ar\/index.php\/wp-json\/wp\/v2\/product"}],"about":[{"href":"https:\/\/biace.com.ar\/index.php\/wp-json\/wp\/v2\/types\/product"}],"replies":[{"embeddable":true,"href":"https:\/\/biace.com.ar\/index.php\/wp-json\/wp\/v2\/comments?post=3207"}],"version-history":[{"count":3,"href":"https:\/\/biace.com.ar\/index.php\/wp-json\/wp\/v2\/product\/3207\/revisions"}],"predecessor-version":[{"id":5666,"href":"https:\/\/biace.com.ar\/index.php\/wp-json\/wp\/v2\/product\/3207\/revisions\/5666"}],"wp:featuredmedia":[{"embeddable":true,"href":"https:\/\/biace.com.ar\/index.php\/wp-json\/wp\/v2\/media\/3208"}],"wp:attachment":[{"href":"https:\/\/biace.com.ar\/index.php\/wp-json\/wp\/v2\/media?parent=3207"}],"wp:term":[{"taxonomy":"product_brand","embeddable":true,"href":"https:\/\/biace.com.ar\/index.php\/wp-json\/wp\/v2\/product_brand?post=3207"},{"taxonomy":"product_cat","embeddable":true,"href":"https:\/\/biace.com.ar\/index.php\/wp-json\/wp\/v2\/product_cat?post=3207"},{"taxonomy":"product_tag","embeddable":true,"href":"https:\/\/biace.com.ar\/index.php\/wp-json\/wp\/v2\/product_tag?post=3207"}],"curies":[{"name":"wp","href":"https:\/\/api.w.org\/{rel}","templated":true}]}}