{"id":3213,"date":"2024-03-05T13:31:16","date_gmt":"2024-03-05T12:31:16","guid":{"rendered":"https:\/\/biace.com.ar\/?post_type=product&#038;p=3213"},"modified":"2025-09-11T20:51:10","modified_gmt":"2025-09-11T18:51:10","slug":"hidrojet-aro-blanco-vulcano","status":"publish","type":"product","link":"https:\/\/biace.com.ar\/index.php\/producto\/hidrojet-aro-blanco-vulcano\/","title":{"rendered":"Hidrojet aro blanco Vulcano"},"content":{"rendered":"<div align=\"center\">\n<div id=\"lodeladerecha\" align=\"left\">\n<div align=\"left\">Hidrojet aro blanco Vulcano, con conexi\u00f3n de agua \u00f8 40mm y conexi\u00f3n de aire \u00f8 32mm. Permiten un caudal de 1500 l\/h. Su principal funci\u00f3n, es la de mezclar en su interior agua y aire, para luego enviar la mezcla mediante una boquilla orientable al interior de la ba\u00f1era.<\/div>\n<\/div>\n<\/div>\n","protected":false},"excerpt":{"rendered":"<p>Hidrojet aro blanco Vulcano, con conexi\u00f3n de agua \u00f8 40mm y conexi\u00f3n de aire \u00f8 32mm. Permiten un caudal de 1500 l\/h. Su principal funci\u00f3n, es la de mezclar en su interior agua y aire, para luego enviar la mezcla mediante una boquilla orientable al interior de la ba\u00f1era.<\/p>\n","protected":false},"featured_media":3214,"comment_status":"open","ping_status":"closed","template":"","meta":[],"product_brand":[],"product_cat":[146,119],"product_tag":[81],"class_list":{"0":"post-3213","1":"product","2":"type-product","3":"status-publish","4":"has-post-thumbnail","6":"product_cat-hidromasajes","7":"product_cat-piscina","8":"product_tag-vulcano","10":"first","11":"instock","12":"shipping-taxable","13":"product-type-simple"},"_links":{"self":[{"href":"https:\/\/biace.com.ar\/index.php\/wp-json\/wp\/v2\/product\/3213","targetHints":{"allow":["GET"]}}],"collection":[{"href":"https:\/\/biace.com.ar\/index.php\/wp-json\/wp\/v2\/product"}],"about":[{"href":"https:\/\/biace.com.ar\/index.php\/wp-json\/wp\/v2\/types\/product"}],"replies":[{"embeddable":true,"href":"https:\/\/biace.com.ar\/index.php\/wp-json\/wp\/v2\/comments?post=3213"}],"version-history":[{"count":2,"href":"https:\/\/biace.com.ar\/index.php\/wp-json\/wp\/v2\/product\/3213\/revisions"}],"predecessor-version":[{"id":3216,"href":"https:\/\/biace.com.ar\/index.php\/wp-json\/wp\/v2\/product\/3213\/revisions\/3216"}],"wp:featuredmedia":[{"embeddable":true,"href":"https:\/\/biace.com.ar\/index.php\/wp-json\/wp\/v2\/media\/3214"}],"wp:attachment":[{"href":"https:\/\/biace.com.ar\/index.php\/wp-json\/wp\/v2\/media?parent=3213"}],"wp:term":[{"taxonomy":"product_brand","embeddable":true,"href":"https:\/\/biace.com.ar\/index.php\/wp-json\/wp\/v2\/product_brand?post=3213"},{"taxonomy":"product_cat","embeddable":true,"href":"https:\/\/biace.com.ar\/index.php\/wp-json\/wp\/v2\/product_cat?post=3213"},{"taxonomy":"product_tag","embeddable":true,"href":"https:\/\/biace.com.ar\/index.php\/wp-json\/wp\/v2\/product_tag?post=3213"}],"curies":[{"name":"wp","href":"https:\/\/api.w.org\/{rel}","templated":true}]}}