{"id":3217,"date":"2024-03-05T13:31:27","date_gmt":"2024-03-05T12:31:27","guid":{"rendered":"https:\/\/biace.com.ar\/?post_type=product&#038;p=3217"},"modified":"2025-09-11T20:51:00","modified_gmt":"2025-09-11T18:51:00","slug":"bomba-sopladora-900w-vulcano","status":"publish","type":"product","link":"https:\/\/biace.com.ar\/index.php\/producto\/bomba-sopladora-900w-vulcano\/","title":{"rendered":"Bomba Sopladora 900w Vulcano"},"content":{"rendered":"<div align=\"center\">\n<div id=\"lodeladerecha\" align=\"left\">\n<div align=\"left\">\n<div align=\"center\">\n<div id=\"lodeladerecha\" align=\"left\">\n<div align=\"left\">Bomba sopladora BSA 900-2 Vulcano de 900W de potencia y tensi\u00f3n monof\u00e1sica de 220V-50HZ, con air switch de encendido\/apagado. Cuentas con una carcaza reforzada, construida con pl\u00e1stico de ingenier\u00eda resistente a altas temperaturas. Su larga vida \u00fatil, f\u00e1cil instalaci\u00f3n y un muy bajo ruido (por debajo de los 65 dB), la transforman en un producto altamente recomendado.<\/div>\n<\/div>\n<\/div>\n<\/div>\n<\/div>\n<\/div>\n","protected":false},"excerpt":{"rendered":"<p>Bomba sopladora BSA 900-2 Vulcano de 900W de potencia y tensi\u00f3n monof\u00e1sica de 220V-50HZ, con air switch de encendido\/apagado. Cuentas con una carcaza reforzada, construida con pl\u00e1stico de ingenier\u00eda resistente a altas temperaturas. Su larga vida \u00fatil, f\u00e1cil instalaci\u00f3n y un muy bajo ruido (por debajo de los 65 dB), la transforman en un producto altamente recomendado.<\/p>\n","protected":false},"featured_media":3221,"comment_status":"open","ping_status":"closed","template":"","meta":[],"product_brand":[],"product_cat":[146,119],"product_tag":[81],"class_list":{"0":"post-3217","1":"product","2":"type-product","3":"status-publish","4":"has-post-thumbnail","6":"product_cat-hidromasajes","7":"product_cat-piscina","8":"product_tag-vulcano","10":"first","11":"instock","12":"shipping-taxable","13":"product-type-simple"},"_links":{"self":[{"href":"https:\/\/biace.com.ar\/index.php\/wp-json\/wp\/v2\/product\/3217","targetHints":{"allow":["GET"]}}],"collection":[{"href":"https:\/\/biace.com.ar\/index.php\/wp-json\/wp\/v2\/product"}],"about":[{"href":"https:\/\/biace.com.ar\/index.php\/wp-json\/wp\/v2\/types\/product"}],"replies":[{"embeddable":true,"href":"https:\/\/biace.com.ar\/index.php\/wp-json\/wp\/v2\/comments?post=3217"}],"version-history":[{"count":2,"href":"https:\/\/biace.com.ar\/index.php\/wp-json\/wp\/v2\/product\/3217\/revisions"}],"predecessor-version":[{"id":5668,"href":"https:\/\/biace.com.ar\/index.php\/wp-json\/wp\/v2\/product\/3217\/revisions\/5668"}],"wp:featuredmedia":[{"embeddable":true,"href":"https:\/\/biace.com.ar\/index.php\/wp-json\/wp\/v2\/media\/3221"}],"wp:attachment":[{"href":"https:\/\/biace.com.ar\/index.php\/wp-json\/wp\/v2\/media?parent=3217"}],"wp:term":[{"taxonomy":"product_brand","embeddable":true,"href":"https:\/\/biace.com.ar\/index.php\/wp-json\/wp\/v2\/product_brand?post=3217"},{"taxonomy":"product_cat","embeddable":true,"href":"https:\/\/biace.com.ar\/index.php\/wp-json\/wp\/v2\/product_cat?post=3217"},{"taxonomy":"product_tag","embeddable":true,"href":"https:\/\/biace.com.ar\/index.php\/wp-json\/wp\/v2\/product_tag?post=3217"}],"curies":[{"name":"wp","href":"https:\/\/api.w.org\/{rel}","templated":true}]}}