{"id":3230,"date":"2024-03-05T13:34:57","date_gmt":"2024-03-05T12:34:57","guid":{"rendered":"https:\/\/biace.com.ar\/?post_type=product&#038;p=3230"},"modified":"2025-09-11T20:53:03","modified_gmt":"2025-09-11T18:53:03","slug":"ionizador-solar-ion-100-vulcano","status":"publish","type":"product","link":"https:\/\/biace.com.ar\/index.php\/producto\/ionizador-solar-ion-100-vulcano\/","title":{"rendered":"Ionizador solar ION &#8211; 100 Vulcano"},"content":{"rendered":"<div align=\"center\">\n<div id=\"lodeladerecha\" align=\"left\">\n<div align=\"left\">Ionizador solar flotante ION &#8211; 100 Vulcano. Permite la reducci\u00f3n de uso de cloro en la piscina hasta un 90%, a trav\u00e9s de la liberaci\u00f3n de iones positivos de cobre que son dispersados en el agua, elimina los microorganismos presentes en ella. Con bajo mantenimiento y costo de operaci\u00f3n, es un producto de simple uso que no necesita estabilizadores. Incluye cepillo para limpiar y 30 tiras de test de cobre.<\/div>\n<\/div>\n<\/div>\n","protected":false},"excerpt":{"rendered":"<p>Ionizador solar flotante ION &#8211; 100 Vulcano. Permite la reducci\u00f3n de uso de cloro en la piscina hasta un 90%, a trav\u00e9s de la liberaci\u00f3n de iones positivos de cobre que son dispersados en el agua, elimina los microorganismos presentes en ella. Con bajo mantenimiento y costo de operaci\u00f3n, es un producto de simple uso que no necesita estabilizadores. Incluye cepillo para limpiar y 30 tiras de test de cobre.<\/p>\n","protected":false},"featured_media":3231,"comment_status":"open","ping_status":"closed","template":"","meta":[],"product_brand":[],"product_cat":[147,119],"product_tag":[81],"class_list":{"0":"post-3230","1":"product","2":"type-product","3":"status-publish","4":"has-post-thumbnail","6":"product_cat-equipos-desinfeccion","7":"product_cat-piscina","8":"product_tag-vulcano","10":"first","11":"instock","12":"shipping-taxable","13":"product-type-simple"},"_links":{"self":[{"href":"https:\/\/biace.com.ar\/index.php\/wp-json\/wp\/v2\/product\/3230","targetHints":{"allow":["GET"]}}],"collection":[{"href":"https:\/\/biace.com.ar\/index.php\/wp-json\/wp\/v2\/product"}],"about":[{"href":"https:\/\/biace.com.ar\/index.php\/wp-json\/wp\/v2\/types\/product"}],"replies":[{"embeddable":true,"href":"https:\/\/biace.com.ar\/index.php\/wp-json\/wp\/v2\/comments?post=3230"}],"version-history":[{"count":1,"href":"https:\/\/biace.com.ar\/index.php\/wp-json\/wp\/v2\/product\/3230\/revisions"}],"predecessor-version":[{"id":3232,"href":"https:\/\/biace.com.ar\/index.php\/wp-json\/wp\/v2\/product\/3230\/revisions\/3232"}],"wp:featuredmedia":[{"embeddable":true,"href":"https:\/\/biace.com.ar\/index.php\/wp-json\/wp\/v2\/media\/3231"}],"wp:attachment":[{"href":"https:\/\/biace.com.ar\/index.php\/wp-json\/wp\/v2\/media?parent=3230"}],"wp:term":[{"taxonomy":"product_brand","embeddable":true,"href":"https:\/\/biace.com.ar\/index.php\/wp-json\/wp\/v2\/product_brand?post=3230"},{"taxonomy":"product_cat","embeddable":true,"href":"https:\/\/biace.com.ar\/index.php\/wp-json\/wp\/v2\/product_cat?post=3230"},{"taxonomy":"product_tag","embeddable":true,"href":"https:\/\/biace.com.ar\/index.php\/wp-json\/wp\/v2\/product_tag?post=3230"}],"curies":[{"name":"wp","href":"https:\/\/api.w.org\/{rel}","templated":true}]}}