{"id":3233,"date":"2024-03-05T13:36:42","date_gmt":"2024-03-05T12:36:42","guid":{"rendered":"https:\/\/biace.com.ar\/?post_type=product&#038;p=3233"},"modified":"2025-09-11T20:53:52","modified_gmt":"2025-09-11T18:53:52","slug":"casilla-soplada-hasta-filtro-vc-30-vulcano","status":"publish","type":"product","link":"https:\/\/biace.com.ar\/index.php\/producto\/casilla-soplada-hasta-filtro-vc-30-vulcano\/","title":{"rendered":"Casilla Soplada (Hasta filtro vc 30) Vulcano"},"content":{"rendered":"<div align=\"center\">\n<div id=\"lodeladerecha\" align=\"left\">\n<div align=\"left\">Casilla soplada Vulcano. Fabricada de polietileno soplado de alta densidad, est\u00e1n dise\u00f1adas para equipos de filtrado ofreciendo alto grado de resistencia mec\u00e1nica y protecci\u00f3n UV. Gabinete para ser enterrado que posee compartimientos para posicionar el filtro y la electrobomba. Es una excelente opci\u00f3n para la disminuci\u00f3n de tiempo y procesos, simplificando y haciendo m\u00e1s econ\u00f3mico el proyecto.<\/div>\n<\/div>\n<\/div>\n","protected":false},"excerpt":{"rendered":"<p>Casilla soplada Vulcano. Fabricada de polietileno soplado de alta densidad, est\u00e1n dise\u00f1adas para equipos de filtrado ofreciendo alto grado de resistencia mec\u00e1nica y protecci\u00f3n UV. Gabinete para ser enterrado que posee compartimientos para posicionar el filtro y la electrobomba. Es una excelente opci\u00f3n para la disminuci\u00f3n de tiempo y procesos, simplificando y haciendo m\u00e1s econ\u00f3mico el proyecto.<\/p>\n","protected":false},"featured_media":3234,"comment_status":"open","ping_status":"closed","template":"","meta":[],"product_brand":[],"product_cat":[148,119],"product_tag":[81],"class_list":{"0":"post-3233","1":"product","2":"type-product","3":"status-publish","4":"has-post-thumbnail","6":"product_cat-casillas","7":"product_cat-piscina","8":"product_tag-vulcano","10":"first","11":"instock","12":"shipping-taxable","13":"product-type-simple"},"_links":{"self":[{"href":"https:\/\/biace.com.ar\/index.php\/wp-json\/wp\/v2\/product\/3233","targetHints":{"allow":["GET"]}}],"collection":[{"href":"https:\/\/biace.com.ar\/index.php\/wp-json\/wp\/v2\/product"}],"about":[{"href":"https:\/\/biace.com.ar\/index.php\/wp-json\/wp\/v2\/types\/product"}],"replies":[{"embeddable":true,"href":"https:\/\/biace.com.ar\/index.php\/wp-json\/wp\/v2\/comments?post=3233"}],"version-history":[{"count":2,"href":"https:\/\/biace.com.ar\/index.php\/wp-json\/wp\/v2\/product\/3233\/revisions"}],"predecessor-version":[{"id":5143,"href":"https:\/\/biace.com.ar\/index.php\/wp-json\/wp\/v2\/product\/3233\/revisions\/5143"}],"wp:featuredmedia":[{"embeddable":true,"href":"https:\/\/biace.com.ar\/index.php\/wp-json\/wp\/v2\/media\/3234"}],"wp:attachment":[{"href":"https:\/\/biace.com.ar\/index.php\/wp-json\/wp\/v2\/media?parent=3233"}],"wp:term":[{"taxonomy":"product_brand","embeddable":true,"href":"https:\/\/biace.com.ar\/index.php\/wp-json\/wp\/v2\/product_brand?post=3233"},{"taxonomy":"product_cat","embeddable":true,"href":"https:\/\/biace.com.ar\/index.php\/wp-json\/wp\/v2\/product_cat?post=3233"},{"taxonomy":"product_tag","embeddable":true,"href":"https:\/\/biace.com.ar\/index.php\/wp-json\/wp\/v2\/product_tag?post=3233"}],"curies":[{"name":"wp","href":"https:\/\/api.w.org\/{rel}","templated":true}]}}