{"id":3238,"date":"2024-03-05T13:37:00","date_gmt":"2024-03-05T12:37:00","guid":{"rendered":"https:\/\/biace.com.ar\/?post_type=product&#038;p=3238"},"modified":"2025-09-11T20:53:57","modified_gmt":"2025-09-11T18:53:57","slug":"casilla-rotomoldeada-vc-30-vulcano","status":"publish","type":"product","link":"https:\/\/biace.com.ar\/index.php\/producto\/casilla-rotomoldeada-vc-30-vulcano\/","title":{"rendered":"Casilla Rotomoldeada vc 30 Vulcano"},"content":{"rendered":"<div align=\"center\">\n<div id=\"lodeladerecha\" align=\"left\">\n<div align=\"left\">\n<div align=\"center\">\n<div id=\"lodeladerecha\" align=\"left\">\n<div align=\"left\">Casilla de polietileno rotomoldeado con orificio inferior para evitar inundaciones. Ideada para ser enterrada y dejar visible s\u00f3lo tapa, en su interior encontramos los alojamientos para la fijaci\u00f3n del filtro VC-30 y la electrobomba. Este centro compacto de instalaci\u00f3n se convierte en una excelente opci\u00f3n para la disminuci\u00f3n de tiempos y procesos, simplificando y haciendo m\u00e1s econ\u00f3mico el proyecto.<\/div>\n<\/div>\n<\/div>\n<\/div>\n<\/div>\n<\/div>\n","protected":false},"excerpt":{"rendered":"<p>Casilla de polietileno rotomoldeado con orificio inferior para evitar inundaciones. Ideada para ser enterrada y dejar visible s\u00f3lo tapa, en su interior encontramos los alojamientos para la fijaci\u00f3n del filtro VC-30 y la electrobomba. Este centro compacto de instalaci\u00f3n se convierte en una excelente opci\u00f3n para la disminuci\u00f3n de tiempos y procesos, simplificando y haciendo m\u00e1s econ\u00f3mico el proyecto.<\/p>\n","protected":false},"featured_media":3244,"comment_status":"open","ping_status":"closed","template":"","meta":[],"product_brand":[],"product_cat":[148,119],"product_tag":[81],"class_list":{"0":"post-3238","1":"product","2":"type-product","3":"status-publish","4":"has-post-thumbnail","6":"product_cat-casillas","7":"product_cat-piscina","8":"product_tag-vulcano","10":"first","11":"instock","12":"shipping-taxable","13":"product-type-simple"},"_links":{"self":[{"href":"https:\/\/biace.com.ar\/index.php\/wp-json\/wp\/v2\/product\/3238","targetHints":{"allow":["GET"]}}],"collection":[{"href":"https:\/\/biace.com.ar\/index.php\/wp-json\/wp\/v2\/product"}],"about":[{"href":"https:\/\/biace.com.ar\/index.php\/wp-json\/wp\/v2\/types\/product"}],"replies":[{"embeddable":true,"href":"https:\/\/biace.com.ar\/index.php\/wp-json\/wp\/v2\/comments?post=3238"}],"version-history":[{"count":2,"href":"https:\/\/biace.com.ar\/index.php\/wp-json\/wp\/v2\/product\/3238\/revisions"}],"predecessor-version":[{"id":5636,"href":"https:\/\/biace.com.ar\/index.php\/wp-json\/wp\/v2\/product\/3238\/revisions\/5636"}],"wp:featuredmedia":[{"embeddable":true,"href":"https:\/\/biace.com.ar\/index.php\/wp-json\/wp\/v2\/media\/3244"}],"wp:attachment":[{"href":"https:\/\/biace.com.ar\/index.php\/wp-json\/wp\/v2\/media?parent=3238"}],"wp:term":[{"taxonomy":"product_brand","embeddable":true,"href":"https:\/\/biace.com.ar\/index.php\/wp-json\/wp\/v2\/product_brand?post=3238"},{"taxonomy":"product_cat","embeddable":true,"href":"https:\/\/biace.com.ar\/index.php\/wp-json\/wp\/v2\/product_cat?post=3238"},{"taxonomy":"product_tag","embeddable":true,"href":"https:\/\/biace.com.ar\/index.php\/wp-json\/wp\/v2\/product_tag?post=3238"}],"curies":[{"name":"wp","href":"https:\/\/api.w.org\/{rel}","templated":true}]}}