{"id":3248,"date":"2024-03-05T13:43:01","date_gmt":"2024-03-05T12:43:01","guid":{"rendered":"https:\/\/biace.com.ar\/?post_type=product&#038;p=3248"},"modified":"2026-02-10T18:45:08","modified_gmt":"2026-02-10T17:45:08","slug":"tanque-rotoplas-400-l-tricapa-con-base-y-flotante","status":"publish","type":"product","link":"https:\/\/biace.com.ar\/index.php\/producto\/tanque-rotoplas-400-l-tricapa-con-base-y-flotante\/","title":{"rendered":"Tanque Rotoplas 400 L Tricapa con base y flotante"},"content":{"rendered":"<ul>\n<li>Medidas di\u00e1metro 85 cm, altura 100 cm.<\/li>\n<li>Di\u00e1metro de boca 46 cm.<\/li>\n<li>Conexi\u00f3n de salida 1 1\/2&#8243; lateral.<\/li>\n<li>La estructura tricapa del tanque Rotoplas Gris garantiza la opacidad del interior del tanque, necesaria para evitar la fotos\u00edntesis (desarrollo de algas y verd\u00edn) microorganismos y nasterias asociadas. Contiene aditivos para evitar el envejecimiento y la exposici\u00f3n a la intemperie.<\/li>\n<li>Capa antibacterial.<\/li>\n<li>Conexi\u00f3n termofusionada.<\/li>\n<li>F\u00f3rmula mejorada.<\/li>\n<li>Apto para usar con base plana o base Rotoplas.<\/li>\n<li>Tapa click con cierre perfecto evita la entrada de contaminantes al agua.<\/li>\n<li>F\u00e1ciles de instalar, no se necesitan herramientas especializadas. Son ligeros, lo que facilita su manejo.<\/li>\n<li>Evitan la fotos\u00edntesis gracias a su exclusiva capa UV, la cual impide el paso de los rayos del sol.<\/li>\n<\/ul>\n","protected":false},"excerpt":{"rendered":"<ul>\n<li>Fabricado en una sola pieza, sin filtraciones.<\/li>\n<li>No genera olor ni sabor al agua almacenada, f\u00e1cil de limpiar.<\/li>\n<li>Garant\u00eda de 25 a\u00f1os por el tanque.<\/li>\n<li>Incluye base plana de fibrocemento alivianado, v\u00e1lvula y flotante.<\/li>\n<\/ul>\n","protected":false},"featured_media":3249,"comment_status":"open","ping_status":"closed","template":"","meta":[],"product_brand":[],"product_cat":[151,150,198,204],"product_tag":[76],"class_list":{"0":"post-3248","1":"product","2":"type-product","3":"status-publish","4":"has-post-thumbnail","6":"product_cat-clasicos","7":"product_cat-tanques-de-agua","8":"product_cat-tricapa","9":"product_cat-tricapa-con-base","10":"product_tag-rotoplas","12":"first","13":"instock","14":"shipping-taxable","15":"purchasable","16":"product-type-simple"},"_links":{"self":[{"href":"https:\/\/biace.com.ar\/index.php\/wp-json\/wp\/v2\/product\/3248","targetHints":{"allow":["GET"]}}],"collection":[{"href":"https:\/\/biace.com.ar\/index.php\/wp-json\/wp\/v2\/product"}],"about":[{"href":"https:\/\/biace.com.ar\/index.php\/wp-json\/wp\/v2\/types\/product"}],"replies":[{"embeddable":true,"href":"https:\/\/biace.com.ar\/index.php\/wp-json\/wp\/v2\/comments?post=3248"}],"version-history":[{"count":2,"href":"https:\/\/biace.com.ar\/index.php\/wp-json\/wp\/v2\/product\/3248\/revisions"}],"predecessor-version":[{"id":5488,"href":"https:\/\/biace.com.ar\/index.php\/wp-json\/wp\/v2\/product\/3248\/revisions\/5488"}],"wp:featuredmedia":[{"embeddable":true,"href":"https:\/\/biace.com.ar\/index.php\/wp-json\/wp\/v2\/media\/3249"}],"wp:attachment":[{"href":"https:\/\/biace.com.ar\/index.php\/wp-json\/wp\/v2\/media?parent=3248"}],"wp:term":[{"taxonomy":"product_brand","embeddable":true,"href":"https:\/\/biace.com.ar\/index.php\/wp-json\/wp\/v2\/product_brand?post=3248"},{"taxonomy":"product_cat","embeddable":true,"href":"https:\/\/biace.com.ar\/index.php\/wp-json\/wp\/v2\/product_cat?post=3248"},{"taxonomy":"product_tag","embeddable":true,"href":"https:\/\/biace.com.ar\/index.php\/wp-json\/wp\/v2\/product_tag?post=3248"}],"curies":[{"name":"wp","href":"https:\/\/api.w.org\/{rel}","templated":true}]}}