{"id":3406,"date":"2024-03-05T15:01:38","date_gmt":"2024-03-05T14:01:38","guid":{"rendered":"https:\/\/biace.com.ar\/?post_type=product&#038;p=3406"},"modified":"2025-09-11T18:40:37","modified_gmt":"2025-09-11T16:40:37","slug":"tanque-rotoplas-2800-lts-tricapa-cisterna-estandar","status":"publish","type":"product","link":"https:\/\/biace.com.ar\/index.php\/producto\/tanque-rotoplas-2800-lts-tricapa-cisterna-estandar\/","title":{"rendered":"Tanque Rotoplas 2800 Lts Tricapa Cisterna Estandar"},"content":{"rendered":"<ul>\n<li>Medidas di\u00e1metro 155 cm, altura 195 cm.<\/li>\n<li>\u00fanicas con capa antibacteriana. Tapa Click con cierre perfecto.<\/li>\n<li>Se entrega con v\u00e1lvula y flotante, control de nivel y dispositivo de acondicionamiento de agua.<\/li>\n<li>M\u00e1s resistente, con nervaduras de refuerzo.<\/li>\n<li>Fabricadas en una sola pieza, sin filtraciones.<\/li>\n<li>No generan olor ni sabor al agua almacenada.<\/li>\n<li>F\u00e1cil de transportar. Completamente equipadas con accesorios de alta calidad.<\/li>\n<li>F\u00e1cil de instalar, no se necesitan herramientas especializadas.<\/li>\n<li>Garant\u00eda de 10 a\u00f1os.<\/li>\n<\/ul>\n","protected":false},"excerpt":{"rendered":"<p>Medidas di\u00e1metro 155 cm, altura 195 cm. \u00fanicas con capa antibacteriana. Tapa Click con cierre perfecto. Se entrega con v\u00e1lvula y flotante, control de nivel y dispositivo de acondicionamiento de agua. M\u00e1s resistente, con nervaduras de refuerzo. Fabricadas en una sola pieza, sin filtraciones. No generan olor ni sabor al agua almacenada. F\u00e1cil de transportar. Completamente equipadas con accesorios de alta calidad. F\u00e1cil de instalar, no se necesitan herramientas especializadas. Garant\u00eda de 10 a\u00f1os.<\/p>\n","protected":false},"featured_media":3411,"comment_status":"open","ping_status":"closed","template":"","meta":[],"product_brand":[],"product_cat":[152,150],"product_tag":[76],"class_list":{"0":"post-3406","1":"product","2":"type-product","3":"status-publish","4":"has-post-thumbnail","6":"product_cat-cisternas","7":"product_cat-tanques-de-agua","8":"product_tag-rotoplas","10":"first","11":"instock","12":"shipping-taxable","13":"purchasable","14":"product-type-simple"},"_links":{"self":[{"href":"https:\/\/biace.com.ar\/index.php\/wp-json\/wp\/v2\/product\/3406","targetHints":{"allow":["GET"]}}],"collection":[{"href":"https:\/\/biace.com.ar\/index.php\/wp-json\/wp\/v2\/product"}],"about":[{"href":"https:\/\/biace.com.ar\/index.php\/wp-json\/wp\/v2\/types\/product"}],"replies":[{"embeddable":true,"href":"https:\/\/biace.com.ar\/index.php\/wp-json\/wp\/v2\/comments?post=3406"}],"version-history":[{"count":1,"href":"https:\/\/biace.com.ar\/index.php\/wp-json\/wp\/v2\/product\/3406\/revisions"}],"predecessor-version":[{"id":3412,"href":"https:\/\/biace.com.ar\/index.php\/wp-json\/wp\/v2\/product\/3406\/revisions\/3412"}],"wp:featuredmedia":[{"embeddable":true,"href":"https:\/\/biace.com.ar\/index.php\/wp-json\/wp\/v2\/media\/3411"}],"wp:attachment":[{"href":"https:\/\/biace.com.ar\/index.php\/wp-json\/wp\/v2\/media?parent=3406"}],"wp:term":[{"taxonomy":"product_brand","embeddable":true,"href":"https:\/\/biace.com.ar\/index.php\/wp-json\/wp\/v2\/product_brand?post=3406"},{"taxonomy":"product_cat","embeddable":true,"href":"https:\/\/biace.com.ar\/index.php\/wp-json\/wp\/v2\/product_cat?post=3406"},{"taxonomy":"product_tag","embeddable":true,"href":"https:\/\/biace.com.ar\/index.php\/wp-json\/wp\/v2\/product_tag?post=3406"}],"curies":[{"name":"wp","href":"https:\/\/api.w.org\/{rel}","templated":true}]}}