{"id":3453,"date":"2024-03-05T16:16:07","date_gmt":"2024-03-05T15:16:07","guid":{"rendered":"https:\/\/biace.com.ar\/?post_type=product&#038;p=3453"},"modified":"2026-02-10T18:36:12","modified_gmt":"2026-02-10T17:36:12","slug":"tanque-rotoplas-500-lts-cuatricapa-flat","status":"publish","type":"product","link":"https:\/\/biace.com.ar\/index.php\/producto\/tanque-rotoplas-500-lts-cuatricapa-flat\/","title":{"rendered":"Tanque Rotoplas 500 Lts Cuatricapa Flat"},"content":{"rendered":"<div align=\"center\">\n<div id=\"lodeladerecha\" align=\"left\">\n<ul>\n<li>Medidas di\u00e1metro 116 cm, altura 77 cm.<\/li>\n<li>Di\u00e1metro de boca 46 cm.<\/li>\n<li>Conexi\u00f3n de salida 1 1\/2&#8243; lateral.<\/li>\n<li>Se entrega con v\u00e1lvula y flotante, tapa clic y salida lateral termofusionada.<\/li>\n<li>Cuatricapa, materia prima m\u00e1s flexible, que extiende su durabilidad.<\/li>\n<li>Capa antibacteriana controla el desarrollo de bacterias, evitando la formaci\u00f3n de olores y sabores.<\/li>\n<li>Capa blanca permite ver la claridad del agua.<\/li>\n<li>Capa negra, evita la fotos\u00edntesis (desarrollo de algas y verd\u00edn) microorganismos y bacterias asociadas.<\/li>\n<li>Capa beige, contiene los aditivos necesarios para evitar el envejecimiento y la exposici\u00f3n a la intemperie.<\/li>\n<li>Fabricado en una sola pieza, sin filtraciones.<\/li>\n<li>No genera olor ni sabor al agua almacenada, f\u00e1cil de limpiar.<\/li>\n<li>Garant\u00eda de por vida por el tanque.<\/li>\n<\/ul>\n<\/div>\n<\/div>\n<div><\/div>\n<div align=\"center\">\n<div align=\"center\">\n<form id=\"form1\" action=\"https:\/\/www.tusta.com.ar\/producto.php?id_producto=823&amp;%20Tanques%20de%20Agua%20Chato\/Flat%20Rotoplas%20Tanque%20Rotoplas%20500%20Lts%20Cuatricapa%20Flat\" method=\"post\" name=\"form1\">\n<div align=\"center\"><\/div>\n<\/form>\n<\/div>\n<\/div>\n","protected":false},"excerpt":{"rendered":"<p>Medidas di\u00e1metro 116 cm, altura 77 cm. Di\u00e1metro de boca 46 cm. Conexi\u00f3n de salida 1 1\/2&#8243; lateral. Se entrega con v\u00e1lvula y flotante, tapa clic y salida lateral termofusionada. Cuatricapa, materia prima m\u00e1s flexible, que extiende su durabilidad. Capa antibacteriana controla el desarrollo de bacterias, evitando la formaci\u00f3n de olores y sabores. Capa blanca permite ver la claridad del agua. Capa negra, evita la fotos\u00edntesis (desarrollo de algas y verd\u00edn) microorganismos y bacterias asociadas. Capa beige, contiene los aditivos necesarios para evitar el envejecimiento y la exposici\u00f3n a la intemperie. Fabricado en una sola pieza, sin filtraciones. No genera olor ni sabor al agua almacenada, f\u00e1cil de limpiar. Garant\u00eda de por vida por el tanque.<\/p>\n","protected":false},"featured_media":3458,"comment_status":"open","ping_status":"closed","template":"","meta":[],"product_brand":[],"product_cat":[154,150],"product_tag":[76],"class_list":{"0":"post-3453","1":"product","2":"type-product","3":"status-publish","4":"has-post-thumbnail","6":"product_cat-chato-flat","7":"product_cat-tanques-de-agua","8":"product_tag-rotoplas","10":"first","11":"instock","12":"shipping-taxable","13":"purchasable","14":"product-type-simple"},"_links":{"self":[{"href":"https:\/\/biace.com.ar\/index.php\/wp-json\/wp\/v2\/product\/3453","targetHints":{"allow":["GET"]}}],"collection":[{"href":"https:\/\/biace.com.ar\/index.php\/wp-json\/wp\/v2\/product"}],"about":[{"href":"https:\/\/biace.com.ar\/index.php\/wp-json\/wp\/v2\/types\/product"}],"replies":[{"embeddable":true,"href":"https:\/\/biace.com.ar\/index.php\/wp-json\/wp\/v2\/comments?post=3453"}],"version-history":[{"count":2,"href":"https:\/\/biace.com.ar\/index.php\/wp-json\/wp\/v2\/product\/3453\/revisions"}],"predecessor-version":[{"id":4931,"href":"https:\/\/biace.com.ar\/index.php\/wp-json\/wp\/v2\/product\/3453\/revisions\/4931"}],"wp:featuredmedia":[{"embeddable":true,"href":"https:\/\/biace.com.ar\/index.php\/wp-json\/wp\/v2\/media\/3458"}],"wp:attachment":[{"href":"https:\/\/biace.com.ar\/index.php\/wp-json\/wp\/v2\/media?parent=3453"}],"wp:term":[{"taxonomy":"product_brand","embeddable":true,"href":"https:\/\/biace.com.ar\/index.php\/wp-json\/wp\/v2\/product_brand?post=3453"},{"taxonomy":"product_cat","embeddable":true,"href":"https:\/\/biace.com.ar\/index.php\/wp-json\/wp\/v2\/product_cat?post=3453"},{"taxonomy":"product_tag","embeddable":true,"href":"https:\/\/biace.com.ar\/index.php\/wp-json\/wp\/v2\/product_tag?post=3453"}],"curies":[{"name":"wp","href":"https:\/\/api.w.org\/{rel}","templated":true}]}}