{"id":3472,"date":"2024-03-05T16:22:24","date_gmt":"2024-03-05T15:22:24","guid":{"rendered":"https:\/\/biace.com.ar\/?post_type=product&#038;p=3472"},"modified":"2025-09-11T18:38:10","modified_gmt":"2025-09-11T16:38:10","slug":"tanque-tricapa-waterplast-800-l-patagonico-c-base","status":"publish","type":"product","link":"https:\/\/biace.com.ar\/index.php\/producto\/tanque-tricapa-waterplast-800-l-patagonico-c-base\/","title":{"rendered":"Tanque Tricapa Waterplast 800 L Patagonico c\/base"},"content":{"rendered":"<div align=\"center\">\n<div id=\"lodeladerecha\" align=\"left\">\n<ul>\n<li>Medidas: di\u00e1metro 145 cm, altura 78 cm.<\/li>\n<li>Todos sus componentes son garant\u00eda de buen funcionamiento y calidad del agua.<\/li>\n<li>Tapa de 18&#8243; con sistema click que asegura un cierre perfecto, evita la contaminaci\u00f3n del agua contenida.<\/li>\n<li>Innovadora capa UV contra los rayos de sol, para evitar la fotos\u00edntesis.<\/li>\n<li>Resistentes y f\u00e1ciles de instalar.<\/li>\n<li>Tricapa polietileno virgen, interior blanco, intermedia negra y exterior arena.<\/li>\n<li>Brida de polipropileno de 1 1\/2&#8243; para descarga termofusionada.<\/li>\n<li>Fabricado en polietileno solido sin aditivos esponjantes o engrosadores.<\/li>\n<li>Excelente flexibilidad y resistencia.<\/li>\n<\/ul>\n<\/div>\n<\/div>\n<div><\/div>\n<div align=\"center\">\n<div align=\"center\">\n<form id=\"form1\" action=\"https:\/\/www.tusta.com.ar\/producto.php?id_producto=823&amp;%20Tanques%20de%20Agua%20Chato\/Flat%20Rotoplas%20Tanque%20Rotoplas%20500%20Lts%20Cuatricapa%20Flat\" method=\"post\" name=\"form1\">\n<div align=\"center\"><\/div>\n<\/form>\n<\/div>\n<\/div>\n","protected":false},"excerpt":{"rendered":"<p>Medidas: di\u00e1metro 145 cm, altura 78 cm. Todos sus componentes son garant\u00eda de buen funcionamiento y calidad del agua. Tapa de 18&#8243; con sistema click que asegura un cierre perfecto, evita la contaminaci\u00f3n del agua contenida. Innovadora capa UV contra los rayos de sol, para evitar la fotos\u00edntesis. Resistentes y f\u00e1ciles de instalar. Tricapa polietileno virgen, interior blanco, intermedia negra y exterior arena. Brida de polipropileno de 1 1\/2&#8243; para descarga termofusionada. Fabricado en polietileno solido sin aditivos esponjantes o engrosadores. Excelente flexibilidad y resistencia.<\/p>\n","protected":false},"featured_media":3479,"comment_status":"open","ping_status":"closed","template":"","meta":[],"product_brand":[],"product_cat":[154,150],"product_tag":[82],"class_list":{"0":"post-3472","1":"product","2":"type-product","3":"status-publish","4":"has-post-thumbnail","6":"product_cat-chato-flat","7":"product_cat-tanques-de-agua","8":"product_tag-waterplast","10":"first","11":"instock","12":"shipping-taxable","13":"purchasable","14":"product-type-simple"},"_links":{"self":[{"href":"https:\/\/biace.com.ar\/index.php\/wp-json\/wp\/v2\/product\/3472","targetHints":{"allow":["GET"]}}],"collection":[{"href":"https:\/\/biace.com.ar\/index.php\/wp-json\/wp\/v2\/product"}],"about":[{"href":"https:\/\/biace.com.ar\/index.php\/wp-json\/wp\/v2\/types\/product"}],"replies":[{"embeddable":true,"href":"https:\/\/biace.com.ar\/index.php\/wp-json\/wp\/v2\/comments?post=3472"}],"version-history":[{"count":1,"href":"https:\/\/biace.com.ar\/index.php\/wp-json\/wp\/v2\/product\/3472\/revisions"}],"predecessor-version":[{"id":3480,"href":"https:\/\/biace.com.ar\/index.php\/wp-json\/wp\/v2\/product\/3472\/revisions\/3480"}],"wp:featuredmedia":[{"embeddable":true,"href":"https:\/\/biace.com.ar\/index.php\/wp-json\/wp\/v2\/media\/3479"}],"wp:attachment":[{"href":"https:\/\/biace.com.ar\/index.php\/wp-json\/wp\/v2\/media?parent=3472"}],"wp:term":[{"taxonomy":"product_brand","embeddable":true,"href":"https:\/\/biace.com.ar\/index.php\/wp-json\/wp\/v2\/product_brand?post=3472"},{"taxonomy":"product_cat","embeddable":true,"href":"https:\/\/biace.com.ar\/index.php\/wp-json\/wp\/v2\/product_cat?post=3472"},{"taxonomy":"product_tag","embeddable":true,"href":"https:\/\/biace.com.ar\/index.php\/wp-json\/wp\/v2\/product_tag?post=3472"}],"curies":[{"name":"wp","href":"https:\/\/api.w.org\/{rel}","templated":true}]}}