{"id":3547,"date":"2024-03-05T17:15:15","date_gmt":"2024-03-05T16:15:15","guid":{"rendered":"https:\/\/biace.com.ar\/?post_type=product&#038;p=3547"},"modified":"2026-02-10T18:39:07","modified_gmt":"2026-02-10T17:39:07","slug":"tanque-rotoplas-3000-l-horizontal","status":"publish","type":"product","link":"https:\/\/biace.com.ar\/index.php\/producto\/tanque-rotoplas-3000-l-horizontal\/","title":{"rendered":"Tanque Rotoplas 3000 L horizontal"},"content":{"rendered":"<div align=\"center\">\n<div id=\"lodeladerecha\" align=\"left\">\n<ul>\n<li>Medidas altura 140 cm, largo 256 cm, di\u00e1metro 125 cm.<\/li>\n<li>\u00fanicas con recubrimiento antibacteriano.<\/li>\n<li>S\u00faper resistentes.<\/li>\n<li>Aptas para colocar bajo tierra.<\/li>\n<li>Fabricadas en una sola pieza.<\/li>\n<li>No generan olor ni sabor al agua almacenada.<\/li>\n<li>Resina 100% virgen.<\/li>\n<li>Polietileno de alta calidad y densidad.<\/li>\n<li>Fabricados en una sola pieza.<\/li>\n<li>Resina certificada por la FDA (food and drug administration): permite almacenamiento seguro de agua potable y alimentos sin alterar las propiedades f\u00edsicas y qu\u00edmicas del producto almacenado.<\/li>\n<li>Superior resistencia estructural, para brindar mayor duraci\u00f3n y m\u00e1s seguridad en todos los productos almacenados.<\/li>\n<li>Tanques reforzados y doble reforzados dependiendo el qu\u00edmico a almacenar.<\/li>\n<li>Rotoplas posee las certificaciones emitidas por el Instituto Nacional de Alimentos y por el Instituto Nacional de Vitivinicultura.<\/li>\n<\/ul>\n<\/div>\n<\/div>\n","protected":false},"excerpt":{"rendered":"<p>Medidas altura 140 cm, largo 256 cm, di\u00e1metro 125 cm. \u00fanicas con recubrimiento antibacteriano. S\u00faper resistentes. Aptas para colocar bajo tierra. Fabricadas en una sola pieza. No generan olor ni sabor al agua almacenada. Resina 100% virgen. Polietileno de alta calidad y densidad. Fabricados en una sola pieza. Resina certificada por la FDA (food and drug administration): permite almacenamiento seguro de agua potable y alimentos sin alterar las propiedades f\u00edsicas y qu\u00edmicas del producto almacenado. Superior resistencia estructural, para brindar mayor duraci\u00f3n y m\u00e1s seguridad en todos los productos almacenados. Tanques reforzados y doble reforzados dependiendo el qu\u00edmico a almacenar. Rotoplas posee las certificaciones emitidas por el Instituto Nacional de Alimentos y por el Instituto Nacional de Vitivinicultura.<\/p>\n","protected":false},"featured_media":3557,"comment_status":"open","ping_status":"closed","template":"","meta":[],"product_brand":[],"product_cat":[156,150],"product_tag":[76],"class_list":{"0":"post-3547","1":"product","2":"type-product","3":"status-publish","4":"has-post-thumbnail","6":"product_cat-horizontal","7":"product_cat-tanques-de-agua","8":"product_tag-rotoplas","10":"first","11":"instock","12":"shipping-taxable","13":"purchasable","14":"product-type-simple"},"_links":{"self":[{"href":"https:\/\/biace.com.ar\/index.php\/wp-json\/wp\/v2\/product\/3547","targetHints":{"allow":["GET"]}}],"collection":[{"href":"https:\/\/biace.com.ar\/index.php\/wp-json\/wp\/v2\/product"}],"about":[{"href":"https:\/\/biace.com.ar\/index.php\/wp-json\/wp\/v2\/types\/product"}],"replies":[{"embeddable":true,"href":"https:\/\/biace.com.ar\/index.php\/wp-json\/wp\/v2\/comments?post=3547"}],"version-history":[{"count":1,"href":"https:\/\/biace.com.ar\/index.php\/wp-json\/wp\/v2\/product\/3547\/revisions"}],"predecessor-version":[{"id":3558,"href":"https:\/\/biace.com.ar\/index.php\/wp-json\/wp\/v2\/product\/3547\/revisions\/3558"}],"wp:featuredmedia":[{"embeddable":true,"href":"https:\/\/biace.com.ar\/index.php\/wp-json\/wp\/v2\/media\/3557"}],"wp:attachment":[{"href":"https:\/\/biace.com.ar\/index.php\/wp-json\/wp\/v2\/media?parent=3547"}],"wp:term":[{"taxonomy":"product_brand","embeddable":true,"href":"https:\/\/biace.com.ar\/index.php\/wp-json\/wp\/v2\/product_brand?post=3547"},{"taxonomy":"product_cat","embeddable":true,"href":"https:\/\/biace.com.ar\/index.php\/wp-json\/wp\/v2\/product_cat?post=3547"},{"taxonomy":"product_tag","embeddable":true,"href":"https:\/\/biace.com.ar\/index.php\/wp-json\/wp\/v2\/product_tag?post=3547"}],"curies":[{"name":"wp","href":"https:\/\/api.w.org\/{rel}","templated":true}]}}