{"id":3579,"date":"2024-03-05T17:22:53","date_gmt":"2024-03-05T16:22:53","guid":{"rendered":"https:\/\/biace.com.ar\/?post_type=product&#038;p=3579"},"modified":"2026-02-10T18:40:08","modified_gmt":"2026-02-10T17:40:08","slug":"tanque-tricapa-waterplast-180-l","status":"publish","type":"product","link":"https:\/\/biace.com.ar\/index.php\/producto\/tanque-tricapa-waterplast-180-l\/","title":{"rendered":"Tanque Tricapa Waterplast 180 L"},"content":{"rendered":"<div align=\"center\">\n<div id=\"lodeladerecha\" align=\"left\">\n<ul>\n<li>Medidas di\u00e1metro 64 cm, altura 85 cm.<\/li>\n<li>Todos sus componentes son garant\u00eda de buen funcionamiento y calidad del agua.<\/li>\n<li>Tapa con sistema click que asegura un cierre perfecto, evita la contaminaci\u00f3n del agua contenida.<\/li>\n<li>Innovadora capa UV contra los rayos de sol, para evitar la fotos\u00edntesis.<\/li>\n<li>Resistentes y f\u00e1ciles de instalar.<\/li>\n<li>Tricapa polietileno virgen, interior blanco, intermedia negra y exterior arena.<\/li>\n<li>Ideal para tama\u00f1os reducidos.<\/li>\n<li>Fabricado en polietileno solido sin aditivos esponjantes o engrosadores.<\/li>\n<li>Excelente flexibilidad y resistencia.<\/li>\n<\/ul>\n<\/div>\n<\/div>\n<div><\/div>\n<div align=\"center\">\n<div align=\"center\">\n<form id=\"form1\" action=\"https:\/\/www.tusta.com.ar\/producto.php?id_producto=1308&amp;%20Tanques%20de%20Agua%20Multiproposito%20Waterplast%20Tanque%20Tricapa%20Waterplast%20100%20L\" method=\"post\" name=\"form1\">\n<div align=\"center\"><\/div>\n<\/form>\n<\/div>\n<\/div>\n","protected":false},"excerpt":{"rendered":"<p>Medidas di\u00e1metro 64 cm, altura 85 cm. Todos sus componentes son garant\u00eda de buen funcionamiento y calidad del agua. Tapa con sistema click que asegura un cierre perfecto, evita la contaminaci\u00f3n del agua contenida. Innovadora capa UV contra los rayos de sol, para evitar la fotos\u00edntesis. Resistentes y f\u00e1ciles de instalar. Tricapa polietileno virgen, interior blanco, intermedia negra y exterior arena. Ideal para tama\u00f1os reducidos. Fabricado en polietileno solido sin aditivos esponjantes o engrosadores. Excelente flexibilidad y resistencia.<\/p>\n","protected":false},"featured_media":3582,"comment_status":"open","ping_status":"closed","template":"","meta":[],"product_brand":[],"product_cat":[157,150],"product_tag":[82],"class_list":{"0":"post-3579","1":"product","2":"type-product","3":"status-publish","4":"has-post-thumbnail","6":"product_cat-multiproposito","7":"product_cat-tanques-de-agua","8":"product_tag-waterplast","10":"first","11":"instock","12":"shipping-taxable","13":"purchasable","14":"product-type-simple"},"_links":{"self":[{"href":"https:\/\/biace.com.ar\/index.php\/wp-json\/wp\/v2\/product\/3579","targetHints":{"allow":["GET"]}}],"collection":[{"href":"https:\/\/biace.com.ar\/index.php\/wp-json\/wp\/v2\/product"}],"about":[{"href":"https:\/\/biace.com.ar\/index.php\/wp-json\/wp\/v2\/types\/product"}],"replies":[{"embeddable":true,"href":"https:\/\/biace.com.ar\/index.php\/wp-json\/wp\/v2\/comments?post=3579"}],"version-history":[{"count":1,"href":"https:\/\/biace.com.ar\/index.php\/wp-json\/wp\/v2\/product\/3579\/revisions"}],"predecessor-version":[{"id":3583,"href":"https:\/\/biace.com.ar\/index.php\/wp-json\/wp\/v2\/product\/3579\/revisions\/3583"}],"wp:featuredmedia":[{"embeddable":true,"href":"https:\/\/biace.com.ar\/index.php\/wp-json\/wp\/v2\/media\/3582"}],"wp:attachment":[{"href":"https:\/\/biace.com.ar\/index.php\/wp-json\/wp\/v2\/media?parent=3579"}],"wp:term":[{"taxonomy":"product_brand","embeddable":true,"href":"https:\/\/biace.com.ar\/index.php\/wp-json\/wp\/v2\/product_brand?post=3579"},{"taxonomy":"product_cat","embeddable":true,"href":"https:\/\/biace.com.ar\/index.php\/wp-json\/wp\/v2\/product_cat?post=3579"},{"taxonomy":"product_tag","embeddable":true,"href":"https:\/\/biace.com.ar\/index.php\/wp-json\/wp\/v2\/product_tag?post=3579"}],"curies":[{"name":"wp","href":"https:\/\/api.w.org\/{rel}","templated":true}]}}