{"id":3599,"date":"2024-03-05T17:30:55","date_gmt":"2024-03-05T16:30:55","guid":{"rendered":"https:\/\/biace.com.ar\/?post_type=product&#038;p=3599"},"modified":"2026-02-10T18:25:36","modified_gmt":"2026-02-10T17:25:36","slug":"termotanque-electrico-family-tts-ear-90-l-senorial","status":"publish","type":"product","link":"https:\/\/biace.com.ar\/index.php\/producto\/termotanque-electrico-family-tts-ear-90-l-senorial\/","title":{"rendered":"Termotanque El\u00e9ctrico Family TTS- EAR 90 L Se\u00f1orial"},"content":{"rendered":"<p>Alta recuperaci\u00f3n.<br \/>\n* Corte de energ\u00eda por sobrecalentamiento.<br \/>\n* V\u00e1lvula de seguridad por sobrepresi\u00f3n.<br \/>\n* Doble resistencia con comando individual.<br \/>\n* Termotanque certificado por IQC.<br \/>\n* Para apoyar con conexi\u00f3n superior.<\/p>\n","protected":false},"excerpt":{"rendered":"<div align=\"center\">\n<div id=\"lodeladerecha\" align=\"left\">\n<ul>\n<li>Capacidad: 90lts.<\/li>\n<li>Consumo: 6.5\/13Amp.<\/li>\n<li>Tensi\u00f3n: 230V.<\/li>\n<li>Potencia: 1500\/3000W.<\/li>\n<li>Presi\u00f3n m\u00e1xima de agua: 4.5Kgs\/cm2.<\/li>\n<li>Conexi\u00f3n de agua: 3\/4&#8243;.<\/li>\n<li>Di\u00e1metro: 410mm, altura: 915mm.<\/li>\n<li>Garant\u00eda oficial Se\u00f1orial 5 a\u00f1os.<\/li>\n<\/ul>\n<\/div>\n<\/div>\n<div><\/div>\n<div align=\"center\">\n<div align=\"center\">\n<form id=\"form1\" action=\"https:\/\/www.tusta.com.ar\/producto.php?id_producto=1176&amp;%20Termotanques%20El%C3%A9ctrico%20Se%C3%B1orial%20Termotanque%20El%C3%A9ctrico%20Family%20%20TTS-%20EAR%2090%20L%20Se%C3%B1orial\" method=\"post\" name=\"form1\">\n<div align=\"center\"><\/div>\n<\/form>\n<\/div>\n<\/div>\n","protected":false},"featured_media":3600,"comment_status":"open","ping_status":"closed","template":"","meta":[],"product_brand":[],"product_cat":[46,45],"product_tag":[48],"class_list":{"0":"post-3599","1":"product","2":"type-product","3":"status-publish","4":"has-post-thumbnail","6":"product_cat-electricos","7":"product_cat-termotanques","8":"product_tag-senorial","10":"first","11":"instock","12":"shipping-taxable","13":"purchasable","14":"product-type-simple"},"_links":{"self":[{"href":"https:\/\/biace.com.ar\/index.php\/wp-json\/wp\/v2\/product\/3599","targetHints":{"allow":["GET"]}}],"collection":[{"href":"https:\/\/biace.com.ar\/index.php\/wp-json\/wp\/v2\/product"}],"about":[{"href":"https:\/\/biace.com.ar\/index.php\/wp-json\/wp\/v2\/types\/product"}],"replies":[{"embeddable":true,"href":"https:\/\/biace.com.ar\/index.php\/wp-json\/wp\/v2\/comments?post=3599"}],"version-history":[{"count":2,"href":"https:\/\/biace.com.ar\/index.php\/wp-json\/wp\/v2\/product\/3599\/revisions"}],"predecessor-version":[{"id":5449,"href":"https:\/\/biace.com.ar\/index.php\/wp-json\/wp\/v2\/product\/3599\/revisions\/5449"}],"wp:featuredmedia":[{"embeddable":true,"href":"https:\/\/biace.com.ar\/index.php\/wp-json\/wp\/v2\/media\/3600"}],"wp:attachment":[{"href":"https:\/\/biace.com.ar\/index.php\/wp-json\/wp\/v2\/media?parent=3599"}],"wp:term":[{"taxonomy":"product_brand","embeddable":true,"href":"https:\/\/biace.com.ar\/index.php\/wp-json\/wp\/v2\/product_brand?post=3599"},{"taxonomy":"product_cat","embeddable":true,"href":"https:\/\/biace.com.ar\/index.php\/wp-json\/wp\/v2\/product_cat?post=3599"},{"taxonomy":"product_tag","embeddable":true,"href":"https:\/\/biace.com.ar\/index.php\/wp-json\/wp\/v2\/product_tag?post=3599"}],"curies":[{"name":"wp","href":"https:\/\/api.w.org\/{rel}","templated":true}]}}