{"id":3605,"date":"2024-03-05T17:32:45","date_gmt":"2024-03-05T16:32:45","guid":{"rendered":"https:\/\/biace.com.ar\/?post_type=product&#038;p=3605"},"modified":"2025-09-12T17:38:36","modified_gmt":"2025-09-12T15:38:36","slug":"termotanque-electrico-zafiro-tesz-65-l-senorial","status":"publish","type":"product","link":"https:\/\/biace.com.ar\/index.php\/producto\/termotanque-electrico-zafiro-tesz-65-l-senorial\/","title":{"rendered":"Termotanque El\u00e9ctrico Zafiro TESZ-65 L Se\u00f1orial"},"content":{"rendered":"<p>V\u00e1lvula de seguridad por sobrepresi\u00f3n.<br \/>\n* M\u00e1s seguridad corte de energ\u00eda por sobrecalentamiento.<br \/>\n* Para apoyar o colgar.<br \/>\n* Producto de alta eficiencia certificado bajo normativa.<br \/>\n* Garant\u00eda oficial Se\u00f1orial 3 a\u00f1os.<\/p>\n","protected":false},"excerpt":{"rendered":"<div align=\"center\">\n<div id=\"lodeladerecha\" align=\"left\">\n<div align=\"center\">\n<div id=\"lodeladerecha\" align=\"left\">\n<ul>\n<li>Capacidad 65 Lts.<\/li>\n<li>Intensidad 6.8 Amp.<\/li>\n<li>Tensi\u00f3n 230 Volts.<\/li>\n<li>Potencia 1500 Watts.<\/li>\n<li>Di\u00e1metro de conexi\u00f3n de agua 3\/4\u00bb Rosca BSP.<\/li>\n<li>Presi\u00f3n m\u00e1xima de agua 4,5 Kgs\/cm2.<\/li>\n<li>Di\u00e1metro gabinete 410 mm.<\/li>\n<li>Altura gabinete 660 mm.<\/li>\n<li>Altura conexi\u00f3n de agua 665 mm.<\/li>\n<\/ul>\n<\/div>\n<\/div>\n<\/div>\n<\/div>\n<div><\/div>\n<div align=\"center\">\n<div align=\"center\">\n<form id=\"form1\" action=\"https:\/\/www.tusta.com.ar\/producto.php?id_producto=1176&amp;%20Termotanques%20El%C3%A9ctrico%20Se%C3%B1orial%20Termotanque%20El%C3%A9ctrico%20Family%20%20TTS-%20EAR%2090%20L%20Se%C3%B1orial\" method=\"post\" name=\"form1\">\n<div align=\"center\"><\/div>\n<\/form>\n<\/div>\n<\/div>\n","protected":false},"featured_media":3616,"comment_status":"open","ping_status":"closed","template":"","meta":[],"product_brand":[],"product_cat":[46,45],"product_tag":[48],"class_list":{"0":"post-3605","1":"product","2":"type-product","3":"status-publish","4":"has-post-thumbnail","6":"product_cat-electricos","7":"product_cat-termotanques","8":"product_tag-senorial","10":"first","11":"instock","12":"shipping-taxable","13":"product-type-simple"},"_links":{"self":[{"href":"https:\/\/biace.com.ar\/index.php\/wp-json\/wp\/v2\/product\/3605","targetHints":{"allow":["GET"]}}],"collection":[{"href":"https:\/\/biace.com.ar\/index.php\/wp-json\/wp\/v2\/product"}],"about":[{"href":"https:\/\/biace.com.ar\/index.php\/wp-json\/wp\/v2\/types\/product"}],"replies":[{"embeddable":true,"href":"https:\/\/biace.com.ar\/index.php\/wp-json\/wp\/v2\/comments?post=3605"}],"version-history":[{"count":2,"href":"https:\/\/biace.com.ar\/index.php\/wp-json\/wp\/v2\/product\/3605\/revisions"}],"predecessor-version":[{"id":5601,"href":"https:\/\/biace.com.ar\/index.php\/wp-json\/wp\/v2\/product\/3605\/revisions\/5601"}],"wp:featuredmedia":[{"embeddable":true,"href":"https:\/\/biace.com.ar\/index.php\/wp-json\/wp\/v2\/media\/3616"}],"wp:attachment":[{"href":"https:\/\/biace.com.ar\/index.php\/wp-json\/wp\/v2\/media?parent=3605"}],"wp:term":[{"taxonomy":"product_brand","embeddable":true,"href":"https:\/\/biace.com.ar\/index.php\/wp-json\/wp\/v2\/product_brand?post=3605"},{"taxonomy":"product_cat","embeddable":true,"href":"https:\/\/biace.com.ar\/index.php\/wp-json\/wp\/v2\/product_cat?post=3605"},{"taxonomy":"product_tag","embeddable":true,"href":"https:\/\/biace.com.ar\/index.php\/wp-json\/wp\/v2\/product_tag?post=3605"}],"curies":[{"name":"wp","href":"https:\/\/api.w.org\/{rel}","templated":true}]}}