{"id":3636,"date":"2024-03-05T17:44:47","date_gmt":"2024-03-05T16:44:47","guid":{"rendered":"https:\/\/biace.com.ar\/?post_type=product&#038;p=3636"},"modified":"2026-02-10T18:28:57","modified_gmt":"2026-02-10T17:28:57","slug":"termotanque-multigas-family-tts-85-l-senorial","status":"publish","type":"product","link":"https:\/\/biace.com.ar\/index.php\/producto\/termotanque-multigas-family-tts-85-l-senorial\/","title":{"rendered":"Termotanque Multigas Family TTS-85 L Se\u00f1orial"},"content":{"rendered":"<p>* Encendido piezoel\u00e9ctrico.<br \/>\n* Multigas: gas natural o envasado.<br \/>\n* Piloto analizador.<br \/>\n* Producto certificado por IGA.<br \/>\n* Termotanque para apoyar o colgar.<br \/>\n* Con conexi\u00f3n suprior.<br \/>\n* Garant\u00eda oficial Se\u00f1orial 5 a\u00f1os.<\/p>\n","protected":false},"excerpt":{"rendered":"<div align=\"center\">\n<div id=\"lodeladerecha\" align=\"left\">\n<ul>\n<li>Capacidad: 85 Lts.<\/li>\n<li>Presi\u00f3n m\u00e1xima de agua: 4,5kgs\/cm2.<\/li>\n<li>Di\u00e1metro de conexi\u00f3n de gas: 3\/8&#8243; Rosca BSP.<\/li>\n<li>Di\u00e1metro de conexi\u00f3n de agua: 3\/4&#8243; Rosca BSP.<\/li>\n<li>Recuperaci\u00f3n de gas: 183Lts\/h con at 20C.<\/li>\n<li>Presi\u00f3n de trabajo de gas: 280 mm.c.a.<\/li>\n<li>Altura total: 1100mm x 410mm.<\/li>\n<\/ul>\n<\/div>\n<\/div>\n","protected":false},"featured_media":3655,"comment_status":"open","ping_status":"closed","template":"","meta":[],"product_brand":[],"product_cat":[47,45],"product_tag":[48],"class_list":{"0":"post-3636","1":"product","2":"type-product","3":"status-publish","4":"has-post-thumbnail","6":"product_cat-multigas","7":"product_cat-termotanques","8":"product_tag-senorial","10":"first","11":"instock","12":"shipping-taxable","13":"purchasable","14":"product-type-simple"},"_links":{"self":[{"href":"https:\/\/biace.com.ar\/index.php\/wp-json\/wp\/v2\/product\/3636","targetHints":{"allow":["GET"]}}],"collection":[{"href":"https:\/\/biace.com.ar\/index.php\/wp-json\/wp\/v2\/product"}],"about":[{"href":"https:\/\/biace.com.ar\/index.php\/wp-json\/wp\/v2\/types\/product"}],"replies":[{"embeddable":true,"href":"https:\/\/biace.com.ar\/index.php\/wp-json\/wp\/v2\/comments?post=3636"}],"version-history":[{"count":1,"href":"https:\/\/biace.com.ar\/index.php\/wp-json\/wp\/v2\/product\/3636\/revisions"}],"predecessor-version":[{"id":3656,"href":"https:\/\/biace.com.ar\/index.php\/wp-json\/wp\/v2\/product\/3636\/revisions\/3656"}],"wp:featuredmedia":[{"embeddable":true,"href":"https:\/\/biace.com.ar\/index.php\/wp-json\/wp\/v2\/media\/3655"}],"wp:attachment":[{"href":"https:\/\/biace.com.ar\/index.php\/wp-json\/wp\/v2\/media?parent=3636"}],"wp:term":[{"taxonomy":"product_brand","embeddable":true,"href":"https:\/\/biace.com.ar\/index.php\/wp-json\/wp\/v2\/product_brand?post=3636"},{"taxonomy":"product_cat","embeddable":true,"href":"https:\/\/biace.com.ar\/index.php\/wp-json\/wp\/v2\/product_cat?post=3636"},{"taxonomy":"product_tag","embeddable":true,"href":"https:\/\/biace.com.ar\/index.php\/wp-json\/wp\/v2\/product_tag?post=3636"}],"curies":[{"name":"wp","href":"https:\/\/api.w.org\/{rel}","templated":true}]}}