{"id":3670,"date":"2024-03-05T17:57:17","date_gmt":"2024-03-05T16:57:17","guid":{"rendered":"https:\/\/biace.com.ar\/?post_type=product&#038;p=3670"},"modified":"2026-02-10T18:30:34","modified_gmt":"2026-02-10T17:30:34","slug":"filtro-rotoplas-de-sedimentos-standard","status":"publish","type":"product","link":"https:\/\/biace.com.ar\/index.php\/producto\/filtro-rotoplas-de-sedimentos-standard\/","title":{"rendered":"Filtro Rotoplas de Sedimentos Standard"},"content":{"rendered":"<p>La forma m\u00e1s simple de obtener agua transparente, sin sedimentos, olores y sabores, es utilizar un dispositivo de acondicionamiento de agua entre la tuber\u00eda externa y el tanque.<br \/>\nAsegura siempre agua de la mejor calidad disponible.<\/p>\n<p>El dispositivo de acondicionamiento de agua est\u00e1ndar de Rotoplas cuenta con una exclusiva tecnolog\u00eda que evita taponamientos y mejora el sabor, color y olor del agua.<br \/>\nLa tecnolog\u00eda Hydronet del dispositivo de acondicionamiento de agua est\u00e1ndar de Rotoplas retiene el 99 % de part\u00edculas iguales o mayores a 50 micras (del grosor de un cabello); tales como arena, tierra y otros sedimentos, evitando que se tapen las tuber\u00edas y regaderas.<\/p>\n<p>Cuenta con una capacidad de filtraci\u00f3n de 24 litros por minuto.<\/p>\n","protected":false},"excerpt":{"rendered":"<p>La forma m\u00e1s simple de obtener agua transparente, sin sedimentos, olores y sabores, es utilizar un dispositivo de acondicionamiento de agua entre la tuber\u00eda externa y el tanque. Asegura siempre agua de la mejor calidad disponible. El dispositivo de acondicionamiento de agua est\u00e1ndar de Rotoplas cuenta con una exclusiva tecnolog\u00eda que evita taponamientos y mejora el sabor, color y olor del agua. La tecnolog\u00eda Hydronet del dispositivo de acondicionamiento de agua est\u00e1ndar de Rotoplas retiene el 99 % de part\u00edculas iguales o mayores a 50 micras (del grosor de un cabello); tales como arena, tierra y otros sedimentos, evitando que se tapen las tuber\u00edas y regaderas. Cuenta con una capacidad de filtraci\u00f3n de 24 litros por minuto.<\/p>\n","protected":false},"featured_media":3671,"comment_status":"open","ping_status":"closed","template":"","meta":[],"product_brand":[],"product_cat":[161,160],"product_tag":[76],"class_list":{"0":"post-3670","1":"product","2":"type-product","3":"status-publish","4":"has-post-thumbnail","6":"product_cat-filtro-sedimentos","7":"product_cat-tratamiento-de-agua","8":"product_tag-rotoplas","10":"first","11":"instock","12":"shipping-taxable","13":"purchasable","14":"product-type-simple"},"_links":{"self":[{"href":"https:\/\/biace.com.ar\/index.php\/wp-json\/wp\/v2\/product\/3670","targetHints":{"allow":["GET"]}}],"collection":[{"href":"https:\/\/biace.com.ar\/index.php\/wp-json\/wp\/v2\/product"}],"about":[{"href":"https:\/\/biace.com.ar\/index.php\/wp-json\/wp\/v2\/types\/product"}],"replies":[{"embeddable":true,"href":"https:\/\/biace.com.ar\/index.php\/wp-json\/wp\/v2\/comments?post=3670"}],"version-history":[{"count":1,"href":"https:\/\/biace.com.ar\/index.php\/wp-json\/wp\/v2\/product\/3670\/revisions"}],"predecessor-version":[{"id":3672,"href":"https:\/\/biace.com.ar\/index.php\/wp-json\/wp\/v2\/product\/3670\/revisions\/3672"}],"wp:featuredmedia":[{"embeddable":true,"href":"https:\/\/biace.com.ar\/index.php\/wp-json\/wp\/v2\/media\/3671"}],"wp:attachment":[{"href":"https:\/\/biace.com.ar\/index.php\/wp-json\/wp\/v2\/media?parent=3670"}],"wp:term":[{"taxonomy":"product_brand","embeddable":true,"href":"https:\/\/biace.com.ar\/index.php\/wp-json\/wp\/v2\/product_brand?post=3670"},{"taxonomy":"product_cat","embeddable":true,"href":"https:\/\/biace.com.ar\/index.php\/wp-json\/wp\/v2\/product_cat?post=3670"},{"taxonomy":"product_tag","embeddable":true,"href":"https:\/\/biace.com.ar\/index.php\/wp-json\/wp\/v2\/product_tag?post=3670"}],"curies":[{"name":"wp","href":"https:\/\/api.w.org\/{rel}","templated":true}]}}