{"id":5208,"date":"2024-06-24T17:38:33","date_gmt":"2024-06-24T15:38:33","guid":{"rendered":"https:\/\/biace.com.ar\/?post_type=product&#038;p=5208"},"modified":"2025-09-11T20:27:49","modified_gmt":"2025-09-11T18:27:49","slug":"bomba-autocebante-1-50-hp-bac-220-v-vulcano","status":"publish","type":"product","link":"https:\/\/biace.com.ar\/index.php\/producto\/bomba-autocebante-1-50-hp-bac-220-v-vulcano\/","title":{"rendered":"Bomba Autocebante BAC 1.50 HP 220v Vulcano"},"content":{"rendered":"<ul>\n<li>Motor completamente cerrado, con protecci\u00f3n IPX4.<\/li>\n<li>Protector t\u00e9rmico incorporado al bobinado.<\/li>\n<li>Rodamientos blindados.<\/li>\n<li>Sello mec\u00e1nico autoajustable con pista fija cer\u00e1mica y giratoria de grafito.<\/li>\n<\/ul>\n","protected":false},"excerpt":{"rendered":"<ul>\n<li>Bomba autocebante BAC 150 Vulcano de 1.50 HP de potencia y tensi\u00f3n monof\u00e1sica de 220V-50HZ.<\/li>\n<li>Con cuerpo autocebante reforzado y prefiltro incorporado, conexi\u00f3n con rosca hembra 2\u201d para ca\u00f1os de polipropileno.<\/li>\n<li>Su impecable desempe\u00f1o, optimiza la circulaci\u00f3n de agua convirti\u00e9ndola en una excelente opci\u00f3n para su pileta.<\/li>\n<li>Indicada para sistemas con filtro Vulcano VC-100, o en piscinas de hasta 150.000 L.<\/li>\n<li>Garant\u00eda oficial por 1 a\u00f1o.<\/li>\n<\/ul>\n","protected":false},"featured_media":2990,"comment_status":"open","ping_status":"closed","template":"","meta":[],"product_brand":[],"product_cat":[123,119],"product_tag":[81],"class_list":{"0":"post-5208","1":"product","2":"type-product","3":"status-publish","4":"has-post-thumbnail","6":"product_cat-bombas-autocebante","7":"product_cat-piscina","8":"product_tag-vulcano","10":"first","11":"instock","12":"shipping-taxable","13":"product-type-simple"},"_links":{"self":[{"href":"https:\/\/biace.com.ar\/index.php\/wp-json\/wp\/v2\/product\/5208","targetHints":{"allow":["GET"]}}],"collection":[{"href":"https:\/\/biace.com.ar\/index.php\/wp-json\/wp\/v2\/product"}],"about":[{"href":"https:\/\/biace.com.ar\/index.php\/wp-json\/wp\/v2\/types\/product"}],"replies":[{"embeddable":true,"href":"https:\/\/biace.com.ar\/index.php\/wp-json\/wp\/v2\/comments?post=5208"}],"version-history":[{"count":2,"href":"https:\/\/biace.com.ar\/index.php\/wp-json\/wp\/v2\/product\/5208\/revisions"}],"predecessor-version":[{"id":5237,"href":"https:\/\/biace.com.ar\/index.php\/wp-json\/wp\/v2\/product\/5208\/revisions\/5237"}],"wp:featuredmedia":[{"embeddable":true,"href":"https:\/\/biace.com.ar\/index.php\/wp-json\/wp\/v2\/media\/2990"}],"wp:attachment":[{"href":"https:\/\/biace.com.ar\/index.php\/wp-json\/wp\/v2\/media?parent=5208"}],"wp:term":[{"taxonomy":"product_brand","embeddable":true,"href":"https:\/\/biace.com.ar\/index.php\/wp-json\/wp\/v2\/product_brand?post=5208"},{"taxonomy":"product_cat","embeddable":true,"href":"https:\/\/biace.com.ar\/index.php\/wp-json\/wp\/v2\/product_cat?post=5208"},{"taxonomy":"product_tag","embeddable":true,"href":"https:\/\/biace.com.ar\/index.php\/wp-json\/wp\/v2\/product_tag?post=5208"}],"curies":[{"name":"wp","href":"https:\/\/api.w.org\/{rel}","templated":true}]}}