{"id":5249,"date":"2024-07-01T18:30:00","date_gmt":"2024-07-01T16:30:00","guid":{"rendered":"https:\/\/biace.com.ar\/?post_type=product&#038;p=5249"},"modified":"2024-10-14T18:57:22","modified_gmt":"2024-10-14T16:57:22","slug":"cocina-industrial-acero-inoxidable-corbelli-cf-70","status":"publish","type":"product","link":"https:\/\/biace.com.ar\/index.php\/producto\/cocina-industrial-acero-inoxidable-corbelli-cf-70\/","title":{"rendered":"Cocina Industrial Acero Inoxidable Corbelli CF 70"},"content":{"rendered":"<ul>\n<li>Medidas:<\/li>\n<li>EXTERIOR: 87 alto x 70 ancho x 72 cm prof.<\/li>\n<li>INTERIOR HORNO: 35 alto x 48 ancho x 64 cm prof.<\/li>\n<\/ul>\n","protected":false},"excerpt":{"rendered":"<ul>\n<li><strong>Exterior:<\/strong>\u00a0Acero inoxidable calidad AISI 430 esmerilado de 1 mm.<\/li>\n<li><strong>Rejillas y tapas de quemadores:<\/strong>\u00a0Hierro fundido.<\/li>\n<li><strong>Horno:<\/strong>\u00a0Piso en tejuelas refractarias, puerta con resorte industrial, v\u00e1lvula de seguridad, quemador longitudinal, pir\u00f3metro indicador de la temperatura y aislaci\u00f3n del exterior mediante vrac, accesorios: 2 rejillas.<\/li>\n<li>Configuraciones: 4 Hornallas, 3 Hornallas, 2 Hornallas + Plancha Bifera, 2 Hornallas + Ba\u00f1o Mar\u00eda<\/li>\n<li>Conexi\u00f3n: Gas \u00f8 1\/2\u201d<\/li>\n<li>Funcionamiento: Gas natural o envasado<\/li>\n<\/ul>\n","protected":false},"featured_media":5250,"comment_status":"open","ping_status":"closed","template":"","meta":[],"product_brand":[],"product_cat":[99,208,100],"product_tag":[69],"class_list":{"0":"post-5249","1":"product","2":"type-product","3":"status-publish","4":"has-post-thumbnail","6":"product_cat-cocinas","7":"product_cat-cocinas-cf","8":"product_cat-gas","9":"product_tag-corbelli","11":"first","12":"onbackorder","13":"shipping-taxable","14":"product-type-simple"},"_links":{"self":[{"href":"https:\/\/biace.com.ar\/index.php\/wp-json\/wp\/v2\/product\/5249","targetHints":{"allow":["GET"]}}],"collection":[{"href":"https:\/\/biace.com.ar\/index.php\/wp-json\/wp\/v2\/product"}],"about":[{"href":"https:\/\/biace.com.ar\/index.php\/wp-json\/wp\/v2\/types\/product"}],"replies":[{"embeddable":true,"href":"https:\/\/biace.com.ar\/index.php\/wp-json\/wp\/v2\/comments?post=5249"}],"version-history":[{"count":2,"href":"https:\/\/biace.com.ar\/index.php\/wp-json\/wp\/v2\/product\/5249\/revisions"}],"predecessor-version":[{"id":5253,"href":"https:\/\/biace.com.ar\/index.php\/wp-json\/wp\/v2\/product\/5249\/revisions\/5253"}],"wp:featuredmedia":[{"embeddable":true,"href":"https:\/\/biace.com.ar\/index.php\/wp-json\/wp\/v2\/media\/5250"}],"wp:attachment":[{"href":"https:\/\/biace.com.ar\/index.php\/wp-json\/wp\/v2\/media?parent=5249"}],"wp:term":[{"taxonomy":"product_brand","embeddable":true,"href":"https:\/\/biace.com.ar\/index.php\/wp-json\/wp\/v2\/product_brand?post=5249"},{"taxonomy":"product_cat","embeddable":true,"href":"https:\/\/biace.com.ar\/index.php\/wp-json\/wp\/v2\/product_cat?post=5249"},{"taxonomy":"product_tag","embeddable":true,"href":"https:\/\/biace.com.ar\/index.php\/wp-json\/wp\/v2\/product_tag?post=5249"}],"curies":[{"name":"wp","href":"https:\/\/api.w.org\/{rel}","templated":true}]}}