{"id":5350,"date":"2024-08-28T21:38:33","date_gmt":"2024-08-28T19:38:33","guid":{"rendered":"https:\/\/biace.com.ar\/?post_type=product&#038;p=5350"},"modified":"2025-09-11T20:41:54","modified_gmt":"2025-09-11T18:41:54","slug":"iluminacion-superled-12w-luz-azul-vulcano","status":"publish","type":"product","link":"https:\/\/biace.com.ar\/index.php\/producto\/iluminacion-superled-12w-luz-azul-vulcano\/","title":{"rendered":"Iluminaci\u00f3n SuperLED 12w luz Azul Vulcano"},"content":{"rendered":"<div class=\"contenedor-tabla\"><b>Tipo de Piscina:<\/b>\u00a0hormig\u00f3n \/ fibra de vidrio<\/div>\n<div class=\"contenedor-tabla\"><b>Cuerpo:<\/b>\u00a0policarbonato<\/div>\n<div class=\"contenedor-tabla\"><b>Luz:<\/b>\u00a0azul<\/div>\n<div class=\"contenedor-tabla\"><b>Flujo Luminoso:<\/b>\u00a0575 lm<\/div>\n<div class=\"contenedor-tabla\"><b>Potencia (W):<\/b>\u00a012W<\/div>\n","protected":false},"excerpt":{"rendered":"<p>Luminaria subacu\u00e1tica SuperLED Vulcano 12W de luz azul 12 VCC. Est\u00e1 fabricada completamente en policarbonato de alta calidad, es compacta, delgada y de f\u00e1cil instalaci\u00f3n.<b>Su placa LED de alta eficiencia brinda excelente potencia de iluminaci\u00f3n, con niveles muy bajos de consumo energ\u00e9tico.<\/b><\/p>\n<p><b>Caracter\u00edsticas t\u00e9cnicas<\/b><br \/>\n\u2022 Grado de protecci\u00f3n IP68.<br \/>\n\u2022 \u00c1ngulo de apertura de 170\u00b0.<br \/>\n\u2022 \u00c1rea de iluminaci\u00f3n 38 m\u00b2.<br \/>\n\u2022 Sistema de instalaci\u00f3n push in, encastre a presi\u00f3n en pasamuro.<br \/>\n\u2022 Garant\u00eda 1 a\u00f1o.<\/p>\n<p><b>Recomendaciones<\/b><br \/>\n\u2022 Para conservar la garant\u00eda del producto se debe realizar una correcta instalaci\u00f3n, donde las conexiones est\u00e9n dentro de cajas estancas y el cable de la luminaria no se corte.<br \/>\n\u2022 No colocar sellador entre la ca\u00f1er\u00eda y la luminaria.<br \/>\n\u2022 El terminal a tierra siempre debe ser conectado a punto de tierra.<\/p>\n","protected":false},"featured_media":3150,"comment_status":"open","ping_status":"closed","template":"","meta":[],"product_brand":[],"product_cat":[133,119],"product_tag":[81],"class_list":{"0":"post-5350","1":"product","2":"type-product","3":"status-publish","4":"has-post-thumbnail","6":"product_cat-iluminacion","7":"product_cat-piscina","8":"product_tag-vulcano","10":"first","11":"instock","12":"shipping-taxable","13":"product-type-simple"},"_links":{"self":[{"href":"https:\/\/biace.com.ar\/index.php\/wp-json\/wp\/v2\/product\/5350","targetHints":{"allow":["GET"]}}],"collection":[{"href":"https:\/\/biace.com.ar\/index.php\/wp-json\/wp\/v2\/product"}],"about":[{"href":"https:\/\/biace.com.ar\/index.php\/wp-json\/wp\/v2\/types\/product"}],"replies":[{"embeddable":true,"href":"https:\/\/biace.com.ar\/index.php\/wp-json\/wp\/v2\/comments?post=5350"}],"version-history":[{"count":2,"href":"https:\/\/biace.com.ar\/index.php\/wp-json\/wp\/v2\/product\/5350\/revisions"}],"predecessor-version":[{"id":5443,"href":"https:\/\/biace.com.ar\/index.php\/wp-json\/wp\/v2\/product\/5350\/revisions\/5443"}],"wp:featuredmedia":[{"embeddable":true,"href":"https:\/\/biace.com.ar\/index.php\/wp-json\/wp\/v2\/media\/3150"}],"wp:attachment":[{"href":"https:\/\/biace.com.ar\/index.php\/wp-json\/wp\/v2\/media?parent=5350"}],"wp:term":[{"taxonomy":"product_brand","embeddable":true,"href":"https:\/\/biace.com.ar\/index.php\/wp-json\/wp\/v2\/product_brand?post=5350"},{"taxonomy":"product_cat","embeddable":true,"href":"https:\/\/biace.com.ar\/index.php\/wp-json\/wp\/v2\/product_cat?post=5350"},{"taxonomy":"product_tag","embeddable":true,"href":"https:\/\/biace.com.ar\/index.php\/wp-json\/wp\/v2\/product_tag?post=5350"}],"curies":[{"name":"wp","href":"https:\/\/api.w.org\/{rel}","templated":true}]}}