{"id":5359,"date":"2024-08-28T21:54:57","date_gmt":"2024-08-28T19:54:57","guid":{"rendered":"https:\/\/biace.com.ar\/?post_type=product&#038;p=5359"},"modified":"2025-09-11T20:42:10","modified_gmt":"2025-09-11T18:42:10","slug":"iluminacion-lumipool-4w-rgb-vulcano","status":"publish","type":"product","link":"https:\/\/biace.com.ar\/index.php\/producto\/iluminacion-lumipool-4w-rgb-vulcano\/","title":{"rendered":"Iluminaci\u00f3n Lumipool 4w RGB Vulcano"},"content":{"rendered":"<p>Luminaria subacu\u00e1tica LUMIPOOL Vulcano 4W de luz RGB 12 VCC.\u00a0<b>Desarrollada con lo \u00faltimo en tecnolog\u00eda, brinda excelente potencia de iluminaci\u00f3n con niveles muy bajos de consumo energ\u00e9tico.<\/b>\u00a0Esta luz, fabricada completamente en policarbonato led, es compacta y de f\u00e1cil instalaci\u00f3n.<\/p>\n<p><b>Caracter\u00edsticas t\u00e9cnicas<\/b><br \/>\n\u2022 Grado de protecci\u00f3n IP68.<br \/>\n\u2022 \u00c1ngulo de apertura de 150\u00ba.<br \/>\n\u2022 \u00c1rea de iluminaci\u00f3n 8 m\u00b2.<br \/>\n\u2022 Sistema de instalaci\u00f3n push in, encastre a presi\u00f3n en pasamuro.<br \/>\n\u2022 Garant\u00eda 1 a\u00f1o.<\/p>\n<p><b>Recomendaciones<\/b><br \/>\n\u2022 La conexi\u00f3n de tierra de la fuente debe ser conectado a un punto de tierra.<br \/>\n\u2022 Para conservar la garant\u00eda del producto se debe realizar una correcta instalaci\u00f3n, donde las conexiones est\u00e9n dentro de cajas estancas y el cable de la luminaria no se corte.<\/p>\n","protected":false},"excerpt":{"rendered":"<div class=\"contenedor-tabla\"><b>Tipo de Piscina:<\/b>\u00a0hormig\u00f3n \/ fibra de vidrio<\/div>\n<div class=\"contenedor-tabla\"><b>Cuerpo:<\/b>\u00a0policarbonato<\/div>\n<div class=\"contenedor-tabla\"><b>Luz:<\/b>\u00a0RGB<\/div>\n<div class=\"contenedor-tabla\"><b>Flujo Luminoso:<\/b> 120 lm<\/div>\n<div class=\"contenedor-tabla\"><b>Potencia (W):<\/b> 4W<\/div>\n","protected":false},"featured_media":5360,"comment_status":"open","ping_status":"closed","template":"","meta":[],"product_brand":[],"product_cat":[133,119],"product_tag":[81],"class_list":{"0":"post-5359","1":"product","2":"type-product","3":"status-publish","4":"has-post-thumbnail","6":"product_cat-iluminacion","7":"product_cat-piscina","8":"product_tag-vulcano","10":"first","11":"instock","12":"shipping-taxable","13":"product-type-simple"},"_links":{"self":[{"href":"https:\/\/biace.com.ar\/index.php\/wp-json\/wp\/v2\/product\/5359","targetHints":{"allow":["GET"]}}],"collection":[{"href":"https:\/\/biace.com.ar\/index.php\/wp-json\/wp\/v2\/product"}],"about":[{"href":"https:\/\/biace.com.ar\/index.php\/wp-json\/wp\/v2\/types\/product"}],"replies":[{"embeddable":true,"href":"https:\/\/biace.com.ar\/index.php\/wp-json\/wp\/v2\/comments?post=5359"}],"version-history":[{"count":2,"href":"https:\/\/biace.com.ar\/index.php\/wp-json\/wp\/v2\/product\/5359\/revisions"}],"predecessor-version":[{"id":5445,"href":"https:\/\/biace.com.ar\/index.php\/wp-json\/wp\/v2\/product\/5359\/revisions\/5445"}],"wp:featuredmedia":[{"embeddable":true,"href":"https:\/\/biace.com.ar\/index.php\/wp-json\/wp\/v2\/media\/5360"}],"wp:attachment":[{"href":"https:\/\/biace.com.ar\/index.php\/wp-json\/wp\/v2\/media?parent=5359"}],"wp:term":[{"taxonomy":"product_brand","embeddable":true,"href":"https:\/\/biace.com.ar\/index.php\/wp-json\/wp\/v2\/product_brand?post=5359"},{"taxonomy":"product_cat","embeddable":true,"href":"https:\/\/biace.com.ar\/index.php\/wp-json\/wp\/v2\/product_cat?post=5359"},{"taxonomy":"product_tag","embeddable":true,"href":"https:\/\/biace.com.ar\/index.php\/wp-json\/wp\/v2\/product_tag?post=5359"}],"curies":[{"name":"wp","href":"https:\/\/api.w.org\/{rel}","templated":true}]}}