{"id":5394,"date":"2024-08-28T22:47:25","date_gmt":"2024-08-28T20:47:25","guid":{"rendered":"https:\/\/biace.com.ar\/?post_type=product&#038;p=5394"},"modified":"2025-09-11T20:36:11","modified_gmt":"2025-09-11T18:36:11","slug":"cloro-60-granulado-disolucion-rapida-x-1-kg-vulclor-vulcano","status":"publish","type":"product","link":"https:\/\/biace.com.ar\/index.php\/producto\/cloro-60-granulado-disolucion-rapida-x-1-kg-vulclor-vulcano\/","title":{"rendered":"Cloro 60 Granulado Disoluci\u00f3n R\u00e1pida x 1 kg Vulclor Vulcano"},"content":{"rendered":"<p>Cloro granulado Vulclor 1 kg. Eficaz bactericida de disoluci\u00f3n r\u00e1pida con alto poder desinfectante,\u00a0<b>ideal para piscinas de fibra de vidrio o pintadas<\/b>. No incrementa la alcalinidad del agua, se mantiene estable ante la acci\u00f3n del sol y es de alto poder residual.<\/p>\n<p><b>Dosis:<\/b>\u00a020g cada 10.000 litros (piscinas residenciales).<\/p>\n<p><b>Importante:<\/b>\u00a0se debe regular el pH del agua entre 7,2 y 7,6 y mantener el nivel de cloro libre por encima de 1,5 ppm. Se recomienda realizar mediciones con el test kit Vulcano\u00ae. Aplicar preferentemente por la noche.<\/p>\n","protected":false},"excerpt":{"rendered":"<div class=\"contenedor-tabla\"><b>Formato:<\/b>\u00a0granulado<\/div>\n<div class=\"contenedor-tabla\"><b>Presentaci\u00f3n:<\/b>\u00a0pote 1 kg<\/div>\n","protected":false},"featured_media":5395,"comment_status":"open","ping_status":"closed","template":"","meta":[],"product_brand":[],"product_cat":[119,126],"product_tag":[81],"class_list":{"0":"post-5394","1":"product","2":"type-product","3":"status-publish","4":"has-post-thumbnail","6":"product_cat-piscina","7":"product_cat-productos-quimicos","8":"product_tag-vulcano","10":"first","11":"instock","12":"shipping-taxable","13":"product-type-simple"},"_links":{"self":[{"href":"https:\/\/biace.com.ar\/index.php\/wp-json\/wp\/v2\/product\/5394","targetHints":{"allow":["GET"]}}],"collection":[{"href":"https:\/\/biace.com.ar\/index.php\/wp-json\/wp\/v2\/product"}],"about":[{"href":"https:\/\/biace.com.ar\/index.php\/wp-json\/wp\/v2\/types\/product"}],"replies":[{"embeddable":true,"href":"https:\/\/biace.com.ar\/index.php\/wp-json\/wp\/v2\/comments?post=5394"}],"version-history":[{"count":1,"href":"https:\/\/biace.com.ar\/index.php\/wp-json\/wp\/v2\/product\/5394\/revisions"}],"predecessor-version":[{"id":5396,"href":"https:\/\/biace.com.ar\/index.php\/wp-json\/wp\/v2\/product\/5394\/revisions\/5396"}],"wp:featuredmedia":[{"embeddable":true,"href":"https:\/\/biace.com.ar\/index.php\/wp-json\/wp\/v2\/media\/5395"}],"wp:attachment":[{"href":"https:\/\/biace.com.ar\/index.php\/wp-json\/wp\/v2\/media?parent=5394"}],"wp:term":[{"taxonomy":"product_brand","embeddable":true,"href":"https:\/\/biace.com.ar\/index.php\/wp-json\/wp\/v2\/product_brand?post=5394"},{"taxonomy":"product_cat","embeddable":true,"href":"https:\/\/biace.com.ar\/index.php\/wp-json\/wp\/v2\/product_cat?post=5394"},{"taxonomy":"product_tag","embeddable":true,"href":"https:\/\/biace.com.ar\/index.php\/wp-json\/wp\/v2\/product_tag?post=5394"}],"curies":[{"name":"wp","href":"https:\/\/api.w.org\/{rel}","templated":true}]}}