{"id":5934,"date":"2025-11-20T16:24:19","date_gmt":"2025-11-20T15:24:19","guid":{"rendered":"https:\/\/biace.com.ar\/?post_type=product&#038;p=5934"},"modified":"2025-11-25T20:02:05","modified_gmt":"2025-11-25T19:02:05","slug":"campana-tst-lauda-90","status":"publish","type":"product","link":"https:\/\/biace.com.ar\/index.php\/producto\/campana-tst-lauda-90\/","title":{"rendered":"Campana TST Lauda 90"},"content":{"rendered":"<div class=\"title\"><strong>ESPECIFICACIONES T\u00c9CNICAS:<\/strong><\/div>\n<div class=\"txtEspec\"><span class=\"bold\">Extracci\u00f3n:<\/span>\u00a01080 m3\/h con salida libre.<\/div>\n<div class=\"txtEspec\">Motor: 210w<br \/>\n<span class=\"bold\">Velocidades:<\/span>\u00a03.<br \/>\n<span class=\"bold\">Ancho:<\/span> 900 mm.<\/div>\n<div><\/div>\n<div>\n<div><strong>Comando Touch con sensor de movimiento:<\/strong>\u00a0El controlador de esta campana cuenta con sensor de movimiento. Con solo deslizar su mano frente al comando puede activar diversas funciones.<\/div>\n<div>Al deslizar su mano frente al comando de izquierda a derecha puede encender el motor en la primera velocidad. Si lo hace nuevamente cambiar\u00e1 a la segunda velocidad y si desliza una vez mas cambiar\u00e1 a la velocidad m\u00e1xima.<\/div>\n<div>Al deslizar su mano frente al comando de derecha a izquierda se apagar\u00e1 la campana luego de 1 minuto. Si la desliza otra vez en el mismo sentido se apagar\u00e1 la campana.<\/div>\n<\/div>\n","protected":false},"excerpt":{"rendered":"<ul>\n<li>MOTOR: Interno 6\u2032 de bajo nivel sonoro.<br \/>\nCOMANDO: Touch con sensor de movimiento.<br \/>\nILUMINACI\u00d3N: Tecnolog\u00eda led.<br \/>\nACABADO: Vidrio negro templado, acero.<br \/>\nAPERTURA: Autom\u00e1tica.<br \/>\nCUBRE CA\u00d1O: Extensible hasta 80 cm.<br \/>\nFILTRO: Met\u00e1lico lavable.<\/li>\n<\/ul>\n","protected":false},"featured_media":5931,"comment_status":"open","ping_status":"closed","template":"","meta":[],"product_brand":[],"product_cat":[92,94],"product_tag":[78],"class_list":{"0":"post-5934","1":"product","2":"type-product","3":"status-publish","4":"has-post-thumbnail","6":"product_cat-campanas","7":"product_cat-pared","8":"product_tag-tst","10":"first","11":"instock","12":"shipping-taxable","13":"purchasable","14":"product-type-simple"},"_links":{"self":[{"href":"https:\/\/biace.com.ar\/index.php\/wp-json\/wp\/v2\/product\/5934","targetHints":{"allow":["GET"]}}],"collection":[{"href":"https:\/\/biace.com.ar\/index.php\/wp-json\/wp\/v2\/product"}],"about":[{"href":"https:\/\/biace.com.ar\/index.php\/wp-json\/wp\/v2\/types\/product"}],"replies":[{"embeddable":true,"href":"https:\/\/biace.com.ar\/index.php\/wp-json\/wp\/v2\/comments?post=5934"}],"version-history":[{"count":1,"href":"https:\/\/biace.com.ar\/index.php\/wp-json\/wp\/v2\/product\/5934\/revisions"}],"predecessor-version":[{"id":5935,"href":"https:\/\/biace.com.ar\/index.php\/wp-json\/wp\/v2\/product\/5934\/revisions\/5935"}],"wp:featuredmedia":[{"embeddable":true,"href":"https:\/\/biace.com.ar\/index.php\/wp-json\/wp\/v2\/media\/5931"}],"wp:attachment":[{"href":"https:\/\/biace.com.ar\/index.php\/wp-json\/wp\/v2\/media?parent=5934"}],"wp:term":[{"taxonomy":"product_brand","embeddable":true,"href":"https:\/\/biace.com.ar\/index.php\/wp-json\/wp\/v2\/product_brand?post=5934"},{"taxonomy":"product_cat","embeddable":true,"href":"https:\/\/biace.com.ar\/index.php\/wp-json\/wp\/v2\/product_cat?post=5934"},{"taxonomy":"product_tag","embeddable":true,"href":"https:\/\/biace.com.ar\/index.php\/wp-json\/wp\/v2\/product_tag?post=5934"}],"curies":[{"name":"wp","href":"https:\/\/api.w.org\/{rel}","templated":true}]}}