{"id":5936,"date":"2025-11-20T16:27:37","date_gmt":"2025-11-20T15:27:37","guid":{"rendered":"https:\/\/biace.com.ar\/?post_type=product&#038;p=5936"},"modified":"2025-11-20T16:29:58","modified_gmt":"2025-11-20T15:29:58","slug":"campana-tst-ibera-60","status":"publish","type":"product","link":"https:\/\/biace.com.ar\/index.php\/producto\/campana-tst-ibera-60\/","title":{"rendered":"Campana TST Ibera 60"},"content":{"rendered":"<p><strong>ESPECIFICACIONES T\u00c9CNICAS:<\/strong><\/p>\n<div class=\"txtEspec\"><span class=\"bold\">Extracci\u00f3n:<\/span>\u00a0800 m3\/h con salida libre.<br \/>\n<span class=\"bold\">Velocidades:<\/span>\u00a03.<br \/>\n<span class=\"bold\">Ancho:<\/span>\u00a0600 mm.<\/div>\n<div><\/div>\n<div><strong>Comando Touch con sensor de movimiento:<\/strong>\u00a0El controlador de esta campana cuenta con sensor de movimiento. Con solo deslizar su mano frente al comando puede activar diversas funciones.<\/div>\n<div>Al deslizar su mano frente al comando de izquierda a derecha puede encender el motor en la primera velocidad. Si lo hace nuevamente cambiar\u00e1 a la segunda velocidad y si desliza una vez mas cambiar\u00e1 a la velocidad m\u00e1xima.<\/div>\n<div>Al deslizar su mano frente al comando de derecha a izquierda se apagar\u00e1 la campana luego de 1 minuto. Si la desliza otra vez en el mismo sentido se apagar\u00e1 la campana.<\/div>\n","protected":false},"excerpt":{"rendered":"<ul>\n<li><span class=\"bold\">MOTOR:<\/span>\u00a0Interno 6\u2032 de bajo nivel sonoro.<br \/>\n<span class=\"bold\">COMANDO:<\/span>\u00a0Touch con sensor de movimiento.<br \/>\n<span class=\"bold\">ILUMINACI\u00d3N:<\/span>\u00a0Tecnolog\u00eda led.<br \/>\n<span class=\"bold\">ACABADO:<\/span>\u00a0Vidrio negro templado, acero.<br \/>\n<span class=\"bold\">CUBRE CA\u00d1O:<\/span>\u00a0No incluye.<br \/>\n<span class=\"bold\">FILTRO:<\/span>\u00a0Met\u00e1lico lavable.<\/li>\n<\/ul>\n","protected":false},"featured_media":5938,"comment_status":"open","ping_status":"closed","template":"","meta":[],"product_brand":[],"product_cat":[92,94],"product_tag":[78],"class_list":{"0":"post-5936","1":"product","2":"type-product","3":"status-publish","4":"has-post-thumbnail","6":"product_cat-campanas","7":"product_cat-pared","8":"product_tag-tst","10":"first","11":"instock","12":"shipping-taxable","13":"purchasable","14":"product-type-simple"},"_links":{"self":[{"href":"https:\/\/biace.com.ar\/index.php\/wp-json\/wp\/v2\/product\/5936","targetHints":{"allow":["GET"]}}],"collection":[{"href":"https:\/\/biace.com.ar\/index.php\/wp-json\/wp\/v2\/product"}],"about":[{"href":"https:\/\/biace.com.ar\/index.php\/wp-json\/wp\/v2\/types\/product"}],"replies":[{"embeddable":true,"href":"https:\/\/biace.com.ar\/index.php\/wp-json\/wp\/v2\/comments?post=5936"}],"version-history":[{"count":1,"href":"https:\/\/biace.com.ar\/index.php\/wp-json\/wp\/v2\/product\/5936\/revisions"}],"predecessor-version":[{"id":5940,"href":"https:\/\/biace.com.ar\/index.php\/wp-json\/wp\/v2\/product\/5936\/revisions\/5940"}],"wp:featuredmedia":[{"embeddable":true,"href":"https:\/\/biace.com.ar\/index.php\/wp-json\/wp\/v2\/media\/5938"}],"wp:attachment":[{"href":"https:\/\/biace.com.ar\/index.php\/wp-json\/wp\/v2\/media?parent=5936"}],"wp:term":[{"taxonomy":"product_brand","embeddable":true,"href":"https:\/\/biace.com.ar\/index.php\/wp-json\/wp\/v2\/product_brand?post=5936"},{"taxonomy":"product_cat","embeddable":true,"href":"https:\/\/biace.com.ar\/index.php\/wp-json\/wp\/v2\/product_cat?post=5936"},{"taxonomy":"product_tag","embeddable":true,"href":"https:\/\/biace.com.ar\/index.php\/wp-json\/wp\/v2\/product_tag?post=5936"}],"curies":[{"name":"wp","href":"https:\/\/api.w.org\/{rel}","templated":true}]}}